{"id":113,"date":"2023-03-10T11:39:28","date_gmt":"2023-03-10T11:39:28","guid":{"rendered":"https:\/\/expeditionkilimanjaro.com\/fr\/?page_id=113"},"modified":"2024-07-14T10:25:38","modified_gmt":"2024-07-14T09:25:38","slug":"voler","status":"publish","type":"page","link":"https:\/\/expeditionkilimanjaro.com\/fr\/voler\/","title":{"rendered":"Vol vers la Tanzanie"},"content":{"rendered":"<h2><img decoding=\"async\" src=\"http:\/\/www.expeditiekilimanjaro.nl\/welkom\/images\/vliegen.jpg\" width=\"647\" \/><\/h2>\n<p>Comment se rendre en avion \u00e0 l&#8217;a\u00e9roport international du Kilimandjaro ou \u00e0 Dar Es Salaam en Tanzanie<\/p>\n<p><strong>De nombreuses compagnies a\u00e9riennes, dont Air France KLM, Emirates et Kenyan Airways, proposent des vols directs vers l&#8217;a\u00e9roport international du Kilimandjaro (JRO), l&#8217;a\u00e9roport de la capitale Dar es Salaam, ou vers Addis-Ababa ou Nairobi, d&#8217;o\u00f9 l&#8217;on peut prendre un vol de correspondance.<\/strong><\/p>\n<p>Il est \u00e9galement possible de v\u00e9rifier, pour les dates souhait\u00e9es, s&#8217;il est plus avantageux de se rendre d&#8217;abord \u00e0 Istanbul (Turquie), puis de voler d&#8217;Istanbul \u00e0 l&#8217;a\u00e9roport international du Kilimandjaro avec Turkish Airlines. Cela peut parfois s&#8217;av\u00e9rer tr\u00e8s avantageux.<\/p>\n<h2><strong>Meilleur rapport qualit\u00e9-prix : vers Nairobi, Kenya<\/strong><\/h2>\n<p>Il est \u00e9galement possible de prendre un vol pour la capitale du Kenya, Nairobi, qui est pour beaucoup de voyages une option moins ch\u00e8re.<\/p>\n<h2>Navette de Nairobi \u00e0 Arusha, Tanzanie<\/h2>\n<p><img loading=\"lazy\" decoding=\"async\" class=\"alignright size-full wp-image-231\" src=\"https:\/\/expeditionkilimanjaro.com\/fr\/wp-content\/uploads\/2024\/07\/impala.jpg\" alt=\"\" width=\"1280\" height=\"576\" \/><\/p>\n<p>Depuis l&#8217;a\u00e9roport de Nairobi, des navettes climatis\u00e9es circulent en une demi-journ\u00e9e jusqu&#8217;\u00e0 Arusha <strong>pour 70 $US<\/strong> (aller-retour, payable en esp\u00e8ces par trajet au guichet de Nairobi). Elles partent tous les jours \u00e0 8h15 de l&#8217;a\u00e9roport. This option requires a transit visa for Kenya, which must be applied for prior to arrival as an <strong><a href=\"https:\/\/evisa.go.ke\/transit-visa.html\" target=\"_blank\" rel=\"noopener\">e-visa<\/a><\/strong>. Je peux vous r\u00e9server une place dans cette navette.<\/p>\n<blockquote><p>Plus vous r\u00e9servez vos billets t\u00f4t, plus les tarifs sont avantageux. Jusqu&#8217;au moment o\u00f9 les billets sont effectivement r\u00e9serv\u00e9s, les prix peuvent encore changer.<\/p><\/blockquote>\n<hr \/>\n<h2>O\u00f9 r\u00e9server son vol?<\/h2>\n<p>Tu es libre de r\u00e9server ton billet d&#8217;avion toi-m\u00eame sur internet ou par l&#8217;interm\u00e9diaire d&#8217;une agence de voyage. Essaie de comparer autant de prix de billets que possible.<\/p>\n<p>Pour ma part, je trouve toujours les billets les moins chers (sans frais de r\u00e9servation suppl\u00e9mentaires) via <a href=\"https:\/\/skiplagged.com\/r\/kilimanjaro\" target=\"_blank\" rel=\"noopener\"><strong>Skiplagged.com<\/strong><\/a> ou <a href=\"http:\/\/www.kiwi.com\" target=\"_blank\" rel=\"noreferrer noopener nofollow\">Kiwi.com<\/a>.<\/p>\n<p>Si vous trouvez un bon prix pour une bonne date, vous pouvez utiliser <a href=\"https:\/\/www.expeditionkilimanjaro.com\/price-dates\/#booking\"><strong>le formulaire de r\u00e9servation<\/strong><\/a> pour v\u00e9rifier s&#8217;il y a des disponibilit\u00e9s \u00e0 l&#8217;h\u00f4tel \u00e0 Arusha \u00e0 cette date et une exp\u00e9dition peut \u00eatre programm\u00e9e. J&#8217;essaie toujours de confirmer dans les 24 heures (en semaine), afin que vous puissiez r\u00e9server votre vol imm\u00e9diatement et ensuite compl\u00e9ter votre r\u00e9servation pour l&#8217;Exp\u00e9dition Kilimanjaro.<\/p>\n<hr \/>\n<p><a name=\"booking\"><\/a><\/p>\n<h2><strong>Vous voulez r\u00e9server l&#8217;Expedition Kilimanjaro?<\/strong><\/h2>\n<ul>\n<li>v\u00e9rifier si<strong>un vol est disponible<\/strong> \u00e0 la date d&#8217;arriv\u00e9e souhait\u00e9e<\/li>\n<li><span style=\"color: #ff0000;\">remplir <a style=\"color: #ff0000;\" href=\"https:\/\/expeditionkilimanjaro.com\/fr\/reservation\/\">le formulaire de r\u00e9servation<\/a> (par participant)<\/span><\/li>\n<li>vous recevrez une confirmation de r\u00e9servation par email<\/li>\n<li>Sur r\u00e9ception du paiement, vous recevrez les bons dans votre bo\u00eete aux lettres<\/li>\n<\/ul>\n<p>Veuillez utiliser <strong>le formulaire de r\u00e9servation<\/strong> pour r\u00e9server votre exp\u00e9dition. De cette fa\u00e7on, je peux v\u00e9rifier s&#8217;il y a de la disponibilit\u00e9 \u00e0 l&#8217;h\u00f4tel \u00e0 la date d&#8217;arriv\u00e9e souhait\u00e9e et si une ascension est possible.<\/p>\n<blockquote><p>Voyez aussi mes <a href=\"https:\/\/www.expeditionkilimanjaro.com\/fr\/safari\">options vari\u00e9es pour un safari<\/a> apr\u00e8s votre exp\u00e9dition au Kilimandjaro. Pendant que vous y \u00eates&#8230;.<\/p><\/blockquote>\n<p>Si une exp\u00e9dition au Kilimandjaro peut avoir lieu \u00e0 la date souhait\u00e9e, v\u00e9rifie bien si ton vol peut \u00e9galement \u00eatre r\u00e9serv\u00e9 \u00e0 cette date. Tiens compte d&#8217;une dur\u00e9e de voyage de 11 jours (arriv\u00e9e le jour 1, d\u00e9part le jour 11).<\/p>\n<p><strong>Apr\u00e8s avoir rempli et envoy\u00e9 <span style=\"color: #ff0000;\"><a style=\"color: #ff0000;\" href=\"https:\/\/expeditionkilimanjaro.com\/fr\/reservation\/\">le formulaire de r\u00e9servation<\/a><\/span>, tu recevras une confirmation de r\u00e9servation dans les 48 heures (les jours ouvrables). <\/strong>Cela signifie que votre h\u00e9bergement \u00e0 l&#8217;h\u00f4tel et l&#8217;ascension seront alors officiellement r\u00e9serv\u00e9s. Tu pourras alors r\u00e9server ton (tes) vol(s) directement. Cette confirmation de r\u00e9servation fait \u00e9galement office de facture.<\/p>\n<p>Une Exp\u00e9dition Kilimanjaro n&#8217;est pas enti\u00e8rement r\u00e9serv\u00e9e tant que le paiement int\u00e9gral n&#8217;a pas \u00e9t\u00e9 effectu\u00e9. Apr\u00e8s le paiement, tu recevras les bons pour l&#8217;h\u00f4tel et l&#8217;ascension dans ta bo\u00eete aux lettres.<\/p>\n<p><img loading=\"lazy\" decoding=\"async\" class=\"aligncenter wp-image-3535\" src=\"https:\/\/www.expeditiekilimanjaro.nl\/wp-content\/uploads\/2023\/02\/kilimanjaro-moutain-climbing.jpg\" alt=\"\" width=\"852\" height=\"793\" \/><\/p>\n","protected":false},"excerpt":{"rendered":"<p>Comment se rendre en avion \u00e0 l&#8217;a\u00e9roport international du Kilimandjaro ou \u00e0 Dar Es Salaam en Tanzanie De nombreuses compagnies a\u00e9riennes, dont Air France KLM, Emirates et Kenyan Airways, proposent des vols&#8230;<\/p>\n","protected":false},"author":1,"featured_media":0,"parent":0,"menu_order":0,"comment_status":"closed","ping_status":"closed","template":"","meta":{"footnotes":""},"class_list":["post-113","page","type-page","status-publish","hentry"],"yoast_head":"<!-- This site is optimized with the Yoast SEO plugin v27.4 - https:\/\/yoast.com\/product\/yoast-seo-wordpress\/ -->\n<title>Vol vers la Tanzanie | Exp\u00e9dition Kilimandjaro - l&#039;aventure de votre vie<\/title>\n<meta name=\"robots\" content=\"index, follow, max-snippet:-1, max-image-preview:large, max-video-preview:-1\" \/>\n<link rel=\"canonical\" href=\"https:\/\/expeditionkilimanjaro.com\/fr\/voler\/\" \/>\n<meta property=\"og:locale\" content=\"en_GB\" \/>\n<meta property=\"og:type\" content=\"article\" \/>\n<meta property=\"og:title\" content=\"Vol vers la Tanzanie | Exp\u00e9dition Kilimandjaro - l&#039;aventure de votre vie\" \/>\n<meta property=\"og:description\" content=\"Comment se rendre en avion \u00e0 l&#8217;a\u00e9roport international du Kilimandjaro ou \u00e0 Dar Es Salaam en Tanzanie De nombreuses compagnies a\u00e9riennes, dont Air France KLM, Emirates et Kenyan Airways, proposent des vols...\" \/>\n<meta property=\"og:url\" content=\"https:\/\/expeditionkilimanjaro.com\/fr\/voler\/\" \/>\n<meta property=\"og:site_name\" content=\"Exp\u00e9dition Kilimandjaro - l&#039;aventure de votre vie\" \/>\n<meta property=\"article:publisher\" content=\"https:\/\/www.facebook.com\/ExpeditionKilimanjaro\" \/>\n<meta property=\"article:modified_time\" content=\"2024-07-14T09:25:38+00:00\" \/>\n<meta property=\"og:image\" content=\"http:\/\/www.expeditiekilimanjaro.nl\/welkom\/images\/vliegen.jpg\" \/>\n<meta name=\"twitter:card\" content=\"summary_large_image\" \/>\n<meta name=\"twitter:label1\" content=\"Estimated reading time\" \/>\n\t<meta name=\"twitter:data1\" content=\"3 minutes\" \/>\n<script type=\"application\/ld+json\" class=\"yoast-schema-graph\">{\"@context\":\"https:\\\/\\\/schema.org\",\"@graph\":[{\"@type\":\"WebPage\",\"@id\":\"https:\\\/\\\/expeditionkilimanjaro.com\\\/fr\\\/voler\\\/\",\"url\":\"https:\\\/\\\/expeditionkilimanjaro.com\\\/fr\\\/voler\\\/\",\"name\":\"Vol vers la Tanzanie | Exp\u00e9dition Kilimandjaro - l&#039;aventure de votre vie\",\"isPartOf\":{\"@id\":\"https:\\\/\\\/expeditionkilimanjaro.com\\\/fr\\\/#website\"},\"primaryImageOfPage\":{\"@id\":\"https:\\\/\\\/expeditionkilimanjaro.com\\\/fr\\\/voler\\\/#primaryimage\"},\"image\":{\"@id\":\"https:\\\/\\\/expeditionkilimanjaro.com\\\/fr\\\/voler\\\/#primaryimage\"},\"thumbnailUrl\":\"http:\\\/\\\/www.expeditiekilimanjaro.nl\\\/welkom\\\/images\\\/vliegen.jpg\",\"datePublished\":\"2023-03-10T11:39:28+00:00\",\"dateModified\":\"2024-07-14T09:25:38+00:00\",\"breadcrumb\":{\"@id\":\"https:\\\/\\\/expeditionkilimanjaro.com\\\/fr\\\/voler\\\/#breadcrumb\"},\"inLanguage\":\"en-GB\",\"potentialAction\":[{\"@type\":\"ReadAction\",\"target\":[\"https:\\\/\\\/expeditionkilimanjaro.com\\\/fr\\\/voler\\\/\"]}]},{\"@type\":\"ImageObject\",\"inLanguage\":\"en-GB\",\"@id\":\"https:\\\/\\\/expeditionkilimanjaro.com\\\/fr\\\/voler\\\/#primaryimage\",\"url\":\"http:\\\/\\\/www.expeditiekilimanjaro.nl\\\/welkom\\\/images\\\/vliegen.jpg\",\"contentUrl\":\"http:\\\/\\\/www.expeditiekilimanjaro.nl\\\/welkom\\\/images\\\/vliegen.jpg\"},{\"@type\":\"BreadcrumbList\",\"@id\":\"https:\\\/\\\/expeditionkilimanjaro.com\\\/fr\\\/voler\\\/#breadcrumb\",\"itemListElement\":[{\"@type\":\"ListItem\",\"position\":1,\"name\":\"Home\",\"item\":\"https:\\\/\\\/expeditionkilimanjaro.com\\\/fr\\\/\"},{\"@type\":\"ListItem\",\"position\":2,\"name\":\"Vol vers la Tanzanie\"}]},{\"@type\":\"WebSite\",\"@id\":\"https:\\\/\\\/expeditionkilimanjaro.com\\\/fr\\\/#website\",\"url\":\"https:\\\/\\\/expeditionkilimanjaro.com\\\/fr\\\/\",\"name\":\"Exp\u00e9dition Kilimandjaro\",\"description\":\"Trek de 11 jours pour 1999 $ - Ramon Stoppelenburg organise l&#039;aventure d&#039;une vie !\",\"publisher\":{\"@id\":\"https:\\\/\\\/expeditionkilimanjaro.com\\\/fr\\\/#organization\"},\"alternateName\":\"L'aventure de Votre Vie!\",\"potentialAction\":[{\"@type\":\"SearchAction\",\"target\":{\"@type\":\"EntryPoint\",\"urlTemplate\":\"https:\\\/\\\/expeditionkilimanjaro.com\\\/fr\\\/?s={search_term_string}\"},\"query-input\":{\"@type\":\"PropertyValueSpecification\",\"valueRequired\":true,\"valueName\":\"search_term_string\"}}],\"inLanguage\":\"en-GB\"},{\"@type\":\"Organization\",\"@id\":\"https:\\\/\\\/expeditionkilimanjaro.com\\\/fr\\\/#organization\",\"name\":\"Expedition Kilimanjaro\",\"url\":\"https:\\\/\\\/expeditionkilimanjaro.com\\\/fr\\\/\",\"logo\":{\"@type\":\"ImageObject\",\"inLanguage\":\"en-GB\",\"@id\":\"https:\\\/\\\/expeditionkilimanjaro.com\\\/fr\\\/#\\\/schema\\\/logo\\\/image\\\/\",\"url\":\"https:\\\/\\\/expeditionkilimanjaro.com\\\/fr\\\/wp-content\\\/uploads\\\/2023\\\/02\\\/logo-fr.png\",\"contentUrl\":\"https:\\\/\\\/expeditionkilimanjaro.com\\\/fr\\\/wp-content\\\/uploads\\\/2023\\\/02\\\/logo-fr.png\",\"width\":517,\"height\":185,\"caption\":\"Expedition Kilimanjaro\"},\"image\":{\"@id\":\"https:\\\/\\\/expeditionkilimanjaro.com\\\/fr\\\/#\\\/schema\\\/logo\\\/image\\\/\"},\"sameAs\":[\"https:\\\/\\\/www.facebook.com\\\/ExpeditionKilimanjaro\",\"https:\\\/\\\/www.linkedin.com\\\/company\\\/77093058\\\/\"]}]}<\/script>\n<!-- \/ Yoast SEO plugin. -->","yoast_head_json":{"title":"Vol vers la Tanzanie | Exp\u00e9dition Kilimandjaro - l&#039;aventure de votre vie","robots":{"index":"index","follow":"follow","max-snippet":"max-snippet:-1","max-image-preview":"max-image-preview:large","max-video-preview":"max-video-preview:-1"},"canonical":"https:\/\/expeditionkilimanjaro.com\/fr\/voler\/","og_locale":"en_GB","og_type":"article","og_title":"Vol vers la Tanzanie | Exp\u00e9dition Kilimandjaro - l&#039;aventure de votre vie","og_description":"Comment se rendre en avion \u00e0 l&#8217;a\u00e9roport international du Kilimandjaro ou \u00e0 Dar Es Salaam en Tanzanie De nombreuses compagnies a\u00e9riennes, dont Air France KLM, Emirates et Kenyan Airways, proposent des vols...","og_url":"https:\/\/expeditionkilimanjaro.com\/fr\/voler\/","og_site_name":"Exp\u00e9dition Kilimandjaro - l&#039;aventure de votre vie","article_publisher":"https:\/\/www.facebook.com\/ExpeditionKilimanjaro","article_modified_time":"2024-07-14T09:25:38+00:00","og_image":[{"url":"http:\/\/www.expeditiekilimanjaro.nl\/welkom\/images\/vliegen.jpg","type":"","width":"","height":""}],"twitter_card":"summary_large_image","twitter_misc":{"Estimated reading time":"3 minutes"},"schema":{"@context":"https:\/\/schema.org","@graph":[{"@type":"WebPage","@id":"https:\/\/expeditionkilimanjaro.com\/fr\/voler\/","url":"https:\/\/expeditionkilimanjaro.com\/fr\/voler\/","name":"Vol vers la Tanzanie | Exp\u00e9dition Kilimandjaro - l&#039;aventure de votre vie","isPartOf":{"@id":"https:\/\/expeditionkilimanjaro.com\/fr\/#website"},"primaryImageOfPage":{"@id":"https:\/\/expeditionkilimanjaro.com\/fr\/voler\/#primaryimage"},"image":{"@id":"https:\/\/expeditionkilimanjaro.com\/fr\/voler\/#primaryimage"},"thumbnailUrl":"http:\/\/www.expeditiekilimanjaro.nl\/welkom\/images\/vliegen.jpg","datePublished":"2023-03-10T11:39:28+00:00","dateModified":"2024-07-14T09:25:38+00:00","breadcrumb":{"@id":"https:\/\/expeditionkilimanjaro.com\/fr\/voler\/#breadcrumb"},"inLanguage":"en-GB","potentialAction":[{"@type":"ReadAction","target":["https:\/\/expeditionkilimanjaro.com\/fr\/voler\/"]}]},{"@type":"ImageObject","inLanguage":"en-GB","@id":"https:\/\/expeditionkilimanjaro.com\/fr\/voler\/#primaryimage","url":"http:\/\/www.expeditiekilimanjaro.nl\/welkom\/images\/vliegen.jpg","contentUrl":"http:\/\/www.expeditiekilimanjaro.nl\/welkom\/images\/vliegen.jpg"},{"@type":"BreadcrumbList","@id":"https:\/\/expeditionkilimanjaro.com\/fr\/voler\/#breadcrumb","itemListElement":[{"@type":"ListItem","position":1,"name":"Home","item":"https:\/\/expeditionkilimanjaro.com\/fr\/"},{"@type":"ListItem","position":2,"name":"Vol vers la Tanzanie"}]},{"@type":"WebSite","@id":"https:\/\/expeditionkilimanjaro.com\/fr\/#website","url":"https:\/\/expeditionkilimanjaro.com\/fr\/","name":"Exp\u00e9dition Kilimandjaro","description":"Trek de 11 jours pour 1999 $ - Ramon Stoppelenburg organise l&#039;aventure d&#039;une vie !","publisher":{"@id":"https:\/\/expeditionkilimanjaro.com\/fr\/#organization"},"alternateName":"L'aventure de Votre Vie!","potentialAction":[{"@type":"SearchAction","target":{"@type":"EntryPoint","urlTemplate":"https:\/\/expeditionkilimanjaro.com\/fr\/?s={search_term_string}"},"query-input":{"@type":"PropertyValueSpecification","valueRequired":true,"valueName":"search_term_string"}}],"inLanguage":"en-GB"},{"@type":"Organization","@id":"https:\/\/expeditionkilimanjaro.com\/fr\/#organization","name":"Expedition Kilimanjaro","url":"https:\/\/expeditionkilimanjaro.com\/fr\/","logo":{"@type":"ImageObject","inLanguage":"en-GB","@id":"https:\/\/expeditionkilimanjaro.com\/fr\/#\/schema\/logo\/image\/","url":"https:\/\/expeditionkilimanjaro.com\/fr\/wp-content\/uploads\/2023\/02\/logo-fr.png","contentUrl":"https:\/\/expeditionkilimanjaro.com\/fr\/wp-content\/uploads\/2023\/02\/logo-fr.png","width":517,"height":185,"caption":"Expedition Kilimanjaro"},"image":{"@id":"https:\/\/expeditionkilimanjaro.com\/fr\/#\/schema\/logo\/image\/"},"sameAs":["https:\/\/www.facebook.com\/ExpeditionKilimanjaro","https:\/\/www.linkedin.com\/company\/77093058\/"]}]}},"_links":{"self":[{"href":"https:\/\/expeditionkilimanjaro.com\/fr\/wp-json\/wp\/v2\/pages\/113","targetHints":{"allow":["GET"]}}],"collection":[{"href":"https:\/\/expeditionkilimanjaro.com\/fr\/wp-json\/wp\/v2\/pages"}],"about":[{"href":"https:\/\/expeditionkilimanjaro.com\/fr\/wp-json\/wp\/v2\/types\/page"}],"author":[{"embeddable":true,"href":"https:\/\/expeditionkilimanjaro.com\/fr\/wp-json\/wp\/v2\/users\/1"}],"replies":[{"embeddable":true,"href":"https:\/\/expeditionkilimanjaro.com\/fr\/wp-json\/wp\/v2\/comments?post=113"}],"version-history":[{"count":4,"href":"https:\/\/expeditionkilimanjaro.com\/fr\/wp-json\/wp\/v2\/pages\/113\/revisions"}],"predecessor-version":[{"id":232,"href":"https:\/\/expeditionkilimanjaro.com\/fr\/wp-json\/wp\/v2\/pages\/113\/revisions\/232"}],"wp:attachment":[{"href":"https:\/\/expeditionkilimanjaro.com\/fr\/wp-json\/wp\/v2\/media?parent=113"}],"curies":[{"name":"wp","href":"https:\/\/api.w.org\/{rel}","templated":true}]}}