{"id":116,"date":"2023-03-10T11:40:24","date_gmt":"2023-03-10T11:40:24","guid":{"rendered":"https:\/\/expeditionkilimanjaro.com\/fr\/?page_id=116"},"modified":"2024-01-08T09:47:23","modified_gmt":"2024-01-08T09:47:23","slug":"safari","status":"publish","type":"page","link":"https:\/\/expeditionkilimanjaro.com\/fr\/safari\/","title":{"rendered":"Ajoutez un safari \u00e0 votre Exp\u00e9dition Kilimandjaro"},"content":{"rendered":"<p><img loading=\"lazy\" decoding=\"async\" class=\"aligncenter wp-image-3357\" src=\"https:\/\/www.expeditiekilimanjaro.nl\/wp-content\/uploads\/2023\/02\/safari-serengeti.jpg\" alt=\"\" width=\"808\" height=\"476\" \/><\/p>\n<h1><strong>Profitez de la nature sauvage de la Tanzanie lors d&#8217;un safari inoubliable !<\/strong><\/h1>\n<p>L&#8217;ascension du Kilimandjaro en Tanzanie est d\u00e9j\u00e0 une exp\u00e9rience extraordinaire. Mais, <strong>pendant que vous y \u00eates<\/strong>, pourquoi ne pas ajouter quelques jours suppl\u00e9mentaires \u00e0 votre voyage en visitant les parcs nationaux les plus fascinants de Tanzanie ?<\/p>\n<p><img loading=\"lazy\" decoding=\"async\" class=\"alignright size-full wp-image-3294\" src=\"https:\/\/www.expeditiekilimanjaro.nl\/wp-content\/uploads\/2023\/02\/tan-nat-park-1.jpg\" alt=\"\" width=\"106\" height=\"119\" \/>Pour un safari ultime en Tanzanie, j&#8217;ai rassembl\u00e9 des safaris allant d&#8217;une excursion d&#8217;une journ\u00e9e pittoresque \u00e0 six jours inoubliables. Ils consistent en un h\u00e9bergement dans des \u00e9co-lodges confortables juste \u00e0 l&#8217;ext\u00e9rieur des principaux parcs et en des safaris quotidiens dans plusieurs parcs.<\/p>\n<h2><strong>Vous pouvez ajouter le safari de vos r\u00eaves \u00e0 votre Exp\u00e9dition Kilimandjaro<\/strong><\/h2>\n<p>Vous profitez au maximum du mode de vie africain dans les parcs nationaux de Tanzanie lorsque vous ajoutez un safari \u00e0 votre Exp\u00e9dition Kilimandjaro. Vous pouvez choisir de faire le safari de votre choix avant ou apr\u00e8s l&#8217;ascension et prolonger encore l&#8217;aventure de votre vie.<\/p>\n<p><img loading=\"lazy\" decoding=\"async\" class=\"aligncenter size-full wp-image-3476\" src=\"https:\/\/www.expeditiekilimanjaro.nl\/wp-content\/uploads\/2023\/02\/safar-truck.jpg\" alt=\"\" width=\"850\" height=\"678\" \/><\/p>\n<h3><strong>\u00c9tape 1 : s\u00e9lectionnez le nombre de jours que vous souhaitez consacrer au safari<\/strong><\/h3>\n<p>Vous pouvez choisir des safaris allant d&#8217;une excursion d&#8217;une journ\u00e9e \u00e0 une aventure de 6 jours sur le puissant Serengeti. Vous pouvez organiser votre propre exp\u00e9dition et safari quand vous le souhaitez, mais <strong>un minimum de 2 personnes est toujours requis<\/strong>.<\/p>\n<p><strong>&gt;&gt; <span style=\"color: #ff0000;\"><a style=\"color: #ff0000;\" href=\"parcsnationaux\">Savoir plus sur les diff\u00e9rents parcs nationaux ici<\/a>.<\/span><\/strong><\/p>\n<blockquote><p>Safari de 1 jour : excursion d&#8217;une journ\u00e9e dans le parc national d&#8217;Arusha &#8211; <strong>US$375 <\/strong>p.p.<br \/>\nSafari de 2 jours au lac Manyara et au crat\u00e8re du Ngorongoro &#8211; <strong>US$799 <\/strong>p.p.<br \/>\nSafari de 3 jours au Tarangire, au crat\u00e8re du Ngorongoro et au lac Manyara &#8211; <strong>1285 $US<\/strong>p.p.<br \/>\nSafari de 4 jours : Lac Manyara, Serengeti et crat\u00e8re du Ngorongoro &#8211; <strong>1775 $US<\/strong> p.p.<br \/>\nSafari de 5 jours : <strong>option 1 &#8211; $2125<\/strong> p.p., <strong>option 2 &#8211; US$2099<\/strong> p.p.<br \/>\nSafari de 6 jours au Tarangire, au lac Manyara, au Serengeti et au crat\u00e8re du Ngorongoro &#8211; <strong>2690 $US<\/strong> p.p.<\/p><\/blockquote>\n<p><img loading=\"lazy\" decoding=\"async\" class=\" wp-image-3292 aligncenter\" src=\"https:\/\/www.expeditiekilimanjaro.nl\/wp-content\/uploads\/2023\/02\/cover-wide.jpg\" alt=\"\" width=\"817\" height=\"203\" \/><\/p>\n<h3><strong>Partir en safari est comme un r\u00eave devenu r\u00e9alit\u00e9<\/strong><\/h3>\n<p><img loading=\"lazy\" decoding=\"async\" class=\"alignright size-full wp-image-3293\" src=\"https:\/\/www.expeditiekilimanjaro.nl\/wp-content\/uploads\/2023\/02\/safari-swahili.png\" alt=\"\" width=\"140\" height=\"145\" \/>La route peut \u00eatre tr\u00e8s cahoteuse et il peut faire extr\u00eamement chaud et poussi\u00e9reux. Mais le jeu en vaut la chandelle lorsque vous d\u00e9couvrirez les diff\u00e9rents parcs nationaux de Tanzanie. Vous verrez certainement des centaines d&#8217;animaux et d&#8217;oiseaux dans leur habitat naturel, vous profiterez des plus beaux couchers de soleil, des plaines sans fin du Serengeti, des merveilles de Tarangire, de la beaut\u00e9 du lac Manyara et de la magie de l&#8217;aube se levant sur le crat\u00e8re du Ngorongoro.<\/p>\n<p>Vous visiterez les parcs animaliers tanzaniens de renomm\u00e9e mondiale \u00e0 bord d&#8217;un v\u00e9hicule \u00e0 quatre roues motrices, accompagn\u00e9 de guides exp\u00e9riment\u00e9s. Et tout le monde a un si\u00e8ge c\u00f4t\u00e9 fen\u00eatre, bien s\u00fbr.<\/p>\n<h2><strong>Ce qui est inclus dans chaque safari?<\/strong><\/h2>\n<p>Chaque safari comprend les \u00e9l\u00e9ments suivants<br \/>\n&#8211; tous les permis n\u00e9cessaires pour le parc<br \/>\n&#8211; l&#8217;h\u00e9bergement dans un h\u00f4tel local \u00e0 Arusha (derni\u00e8re nuit en cas de s\u00e9jour de plusieurs jours)<br \/>\n&#8211; l&#8217;h\u00e9bergement pendant le safari<br \/>\n&#8211; <strong>tous les repas<\/strong> pendant le safari<br \/>\n&#8211; v\u00e9hicule 4&#215;4 avec toit ouvrant<br \/>\n&#8211; eau potable pendant le safari<br \/>\n&#8211; chauffeur\/guide parlant anglais<\/p>\n<hr \/>\n<h3><a name=\"overview\"><\/a><strong>Consultez le programme quotidien ici pour :<\/strong><\/h3>\n<p><a href=\"https:\/\/www.expeditionkilimanjaro.com\/fr\/1-jour-safari\/\">1 jour<\/a> \/\/ <a href=\"https:\/\/www.expeditionkilimanjaro.com\/fr\/2-jours-safari\/\">2 jours<\/a> \/\/ <a href=\"https:\/\/www.expeditionkilimanjaro.com\/fr\/3-jours-safari\/\">3 jours<\/a> \/\/ <a href=\"https:\/\/www.expeditionkilimanjaro.com\/fr\/4-jours-safari\/\">4 jours<\/a> \/\/ <a href=\"https:\/\/www.expeditionkilimanjaro.com\/fr\/5-jours-safari\/\">5 jours<\/a> \/\/ <a href=\"https:\/\/www.expeditionkilimanjaro.com\/fr\/6-jours-safari\/\">6 jours<\/a><\/p>\n<h3><strong>\u00c9tape 2 : ajoutez le safari de votre choix \u00e0 votre Exp\u00e9dition Kilimandjaro avec <a href=\"https:\/\/expeditionkilimanjaro.com\/fr\/prix-dates\/#reservation\">votre r\u00e9servation ici<\/a>.<\/strong><\/h3>\n<p><img loading=\"lazy\" decoding=\"async\" class=\"aligncenter size-full wp-image-174\" src=\"https:\/\/www.expeditionkilimanjaro.com\/wp-content\/uploads\/2023\/02\/safari.jpg\" alt=\"Ajoutez un safari \u00e0 votre Exp\u00e9dition Kilimandjaro et venez profiter du parc national du Serengeti.\" width=\"1588\" height=\"834\" \/><\/p>\n","protected":false},"excerpt":{"rendered":"<p>Profitez de la nature sauvage de la Tanzanie lors d&#8217;un safari inoubliable ! L&#8217;ascension du Kilimandjaro en Tanzanie est d\u00e9j\u00e0 une exp\u00e9rience extraordinaire. Mais, pendant que vous y \u00eates, pourquoi ne pas&#8230;<\/p>\n","protected":false},"author":1,"featured_media":0,"parent":0,"menu_order":0,"comment_status":"closed","ping_status":"closed","template":"","meta":{"footnotes":""},"class_list":["post-116","page","type-page","status-publish","hentry"],"yoast_head":"<!-- This site is optimized with the Yoast SEO plugin v27.4 - https:\/\/yoast.com\/product\/yoast-seo-wordpress\/ -->\n<title>Ajouter un Ajoutez un safari \u00e0 votre Exp\u00e9dition Kilimandjaro | Exp\u00e9dition Kilimandjaro - l&#039;aventure de votre vie<\/title>\n<meta name=\"description\" content=\"Pour un safari ultime en Tanzanie, j\u2019ai rassembl\u00e9 des safaris allant d\u2019une excursion d\u2019une journ\u00e9e pittoresque \u00e0 six jours inoubliables. Ils consistent en un h\u00e9bergement dans des \u00e9co-lodges confortables juste \u00e0 l\u2019ext\u00e9rieur des principaux parcs et en des safaris quotidiens dans plusieurs parcs.\" \/>\n<meta name=\"robots\" content=\"index, follow, max-snippet:-1, max-image-preview:large, max-video-preview:-1\" \/>\n<link rel=\"canonical\" href=\"https:\/\/expeditionkilimanjaro.com\/fr\/safari\/\" \/>\n<meta property=\"og:locale\" content=\"en_GB\" \/>\n<meta property=\"og:type\" content=\"article\" \/>\n<meta property=\"og:title\" content=\"Ajouter un Ajoutez un safari \u00e0 votre Exp\u00e9dition Kilimandjaro | Exp\u00e9dition Kilimandjaro - l&#039;aventure de votre vie\" \/>\n<meta property=\"og:description\" content=\"Pour un safari ultime en Tanzanie, j\u2019ai rassembl\u00e9 des safaris allant d\u2019une excursion d\u2019une journ\u00e9e pittoresque \u00e0 six jours inoubliables. Ils consistent en un h\u00e9bergement dans des \u00e9co-lodges confortables juste \u00e0 l\u2019ext\u00e9rieur des principaux parcs et en des safaris quotidiens dans plusieurs parcs.\" \/>\n<meta property=\"og:url\" content=\"https:\/\/expeditionkilimanjaro.com\/fr\/safari\/\" \/>\n<meta property=\"og:site_name\" content=\"Exp\u00e9dition Kilimandjaro - l&#039;aventure de votre vie\" \/>\n<meta property=\"article:publisher\" content=\"https:\/\/www.facebook.com\/ExpeditionKilimanjaro\" \/>\n<meta property=\"article:modified_time\" content=\"2024-01-08T09:47:23+00:00\" \/>\n<meta property=\"og:image\" content=\"https:\/\/www.expeditiekilimanjaro.nl\/wp-content\/uploads\/2023\/02\/safari-serengeti.jpg\" \/>\n<meta name=\"twitter:card\" content=\"summary_large_image\" \/>\n<meta name=\"twitter:label1\" content=\"Estimated reading time\" \/>\n\t<meta name=\"twitter:data1\" content=\"4 minutes\" \/>\n<script type=\"application\/ld+json\" class=\"yoast-schema-graph\">{\"@context\":\"https:\\\/\\\/schema.org\",\"@graph\":[{\"@type\":\"WebPage\",\"@id\":\"https:\\\/\\\/expeditionkilimanjaro.com\\\/fr\\\/safari\\\/\",\"url\":\"https:\\\/\\\/expeditionkilimanjaro.com\\\/fr\\\/safari\\\/\",\"name\":\"Ajouter un Ajoutez un safari \u00e0 votre Exp\u00e9dition Kilimandjaro | Exp\u00e9dition Kilimandjaro - l&#039;aventure de votre vie\",\"isPartOf\":{\"@id\":\"https:\\\/\\\/expeditionkilimanjaro.com\\\/fr\\\/#website\"},\"primaryImageOfPage\":{\"@id\":\"https:\\\/\\\/expeditionkilimanjaro.com\\\/fr\\\/safari\\\/#primaryimage\"},\"image\":{\"@id\":\"https:\\\/\\\/expeditionkilimanjaro.com\\\/fr\\\/safari\\\/#primaryimage\"},\"thumbnailUrl\":\"https:\\\/\\\/www.expeditiekilimanjaro.nl\\\/wp-content\\\/uploads\\\/2023\\\/02\\\/safari-serengeti.jpg\",\"datePublished\":\"2023-03-10T11:40:24+00:00\",\"dateModified\":\"2024-01-08T09:47:23+00:00\",\"description\":\"Pour un safari ultime en Tanzanie, j\u2019ai rassembl\u00e9 des safaris allant d\u2019une excursion d\u2019une journ\u00e9e pittoresque \u00e0 six jours inoubliables. Ils consistent en un h\u00e9bergement dans des \u00e9co-lodges confortables juste \u00e0 l\u2019ext\u00e9rieur des principaux parcs et en des safaris quotidiens dans plusieurs parcs.\",\"breadcrumb\":{\"@id\":\"https:\\\/\\\/expeditionkilimanjaro.com\\\/fr\\\/safari\\\/#breadcrumb\"},\"inLanguage\":\"en-GB\",\"potentialAction\":[{\"@type\":\"ReadAction\",\"target\":[\"https:\\\/\\\/expeditionkilimanjaro.com\\\/fr\\\/safari\\\/\"]}]},{\"@type\":\"ImageObject\",\"inLanguage\":\"en-GB\",\"@id\":\"https:\\\/\\\/expeditionkilimanjaro.com\\\/fr\\\/safari\\\/#primaryimage\",\"url\":\"https:\\\/\\\/www.expeditiekilimanjaro.nl\\\/wp-content\\\/uploads\\\/2023\\\/02\\\/safari-serengeti.jpg\",\"contentUrl\":\"https:\\\/\\\/www.expeditiekilimanjaro.nl\\\/wp-content\\\/uploads\\\/2023\\\/02\\\/safari-serengeti.jpg\"},{\"@type\":\"BreadcrumbList\",\"@id\":\"https:\\\/\\\/expeditionkilimanjaro.com\\\/fr\\\/safari\\\/#breadcrumb\",\"itemListElement\":[{\"@type\":\"ListItem\",\"position\":1,\"name\":\"Home\",\"item\":\"https:\\\/\\\/expeditionkilimanjaro.com\\\/fr\\\/\"},{\"@type\":\"ListItem\",\"position\":2,\"name\":\"Ajoutez un safari \u00e0 votre Exp\u00e9dition Kilimandjaro\"}]},{\"@type\":\"WebSite\",\"@id\":\"https:\\\/\\\/expeditionkilimanjaro.com\\\/fr\\\/#website\",\"url\":\"https:\\\/\\\/expeditionkilimanjaro.com\\\/fr\\\/\",\"name\":\"Exp\u00e9dition Kilimandjaro\",\"description\":\"Trek de 11 jours pour 1999 $ - Ramon Stoppelenburg organise l&#039;aventure d&#039;une vie !\",\"publisher\":{\"@id\":\"https:\\\/\\\/expeditionkilimanjaro.com\\\/fr\\\/#organization\"},\"alternateName\":\"L'aventure de Votre Vie!\",\"potentialAction\":[{\"@type\":\"SearchAction\",\"target\":{\"@type\":\"EntryPoint\",\"urlTemplate\":\"https:\\\/\\\/expeditionkilimanjaro.com\\\/fr\\\/?s={search_term_string}\"},\"query-input\":{\"@type\":\"PropertyValueSpecification\",\"valueRequired\":true,\"valueName\":\"search_term_string\"}}],\"inLanguage\":\"en-GB\"},{\"@type\":\"Organization\",\"@id\":\"https:\\\/\\\/expeditionkilimanjaro.com\\\/fr\\\/#organization\",\"name\":\"Expedition Kilimanjaro\",\"url\":\"https:\\\/\\\/expeditionkilimanjaro.com\\\/fr\\\/\",\"logo\":{\"@type\":\"ImageObject\",\"inLanguage\":\"en-GB\",\"@id\":\"https:\\\/\\\/expeditionkilimanjaro.com\\\/fr\\\/#\\\/schema\\\/logo\\\/image\\\/\",\"url\":\"https:\\\/\\\/expeditionkilimanjaro.com\\\/fr\\\/wp-content\\\/uploads\\\/2023\\\/02\\\/logo-fr.png\",\"contentUrl\":\"https:\\\/\\\/expeditionkilimanjaro.com\\\/fr\\\/wp-content\\\/uploads\\\/2023\\\/02\\\/logo-fr.png\",\"width\":517,\"height\":185,\"caption\":\"Expedition Kilimanjaro\"},\"image\":{\"@id\":\"https:\\\/\\\/expeditionkilimanjaro.com\\\/fr\\\/#\\\/schema\\\/logo\\\/image\\\/\"},\"sameAs\":[\"https:\\\/\\\/www.facebook.com\\\/ExpeditionKilimanjaro\",\"https:\\\/\\\/www.linkedin.com\\\/company\\\/77093058\\\/\"]}]}<\/script>\n<!-- \/ Yoast SEO plugin. -->","yoast_head_json":{"title":"Ajouter un Ajoutez un safari \u00e0 votre Exp\u00e9dition Kilimandjaro | Exp\u00e9dition Kilimandjaro - l&#039;aventure de votre vie","description":"Pour un safari ultime en Tanzanie, j\u2019ai rassembl\u00e9 des safaris allant d\u2019une excursion d\u2019une journ\u00e9e pittoresque \u00e0 six jours inoubliables. Ils consistent en un h\u00e9bergement dans des \u00e9co-lodges confortables juste \u00e0 l\u2019ext\u00e9rieur des principaux parcs et en des safaris quotidiens dans plusieurs parcs.","robots":{"index":"index","follow":"follow","max-snippet":"max-snippet:-1","max-image-preview":"max-image-preview:large","max-video-preview":"max-video-preview:-1"},"canonical":"https:\/\/expeditionkilimanjaro.com\/fr\/safari\/","og_locale":"en_GB","og_type":"article","og_title":"Ajouter un Ajoutez un safari \u00e0 votre Exp\u00e9dition Kilimandjaro | Exp\u00e9dition Kilimandjaro - l&#039;aventure de votre vie","og_description":"Pour un safari ultime en Tanzanie, j\u2019ai rassembl\u00e9 des safaris allant d\u2019une excursion d\u2019une journ\u00e9e pittoresque \u00e0 six jours inoubliables. Ils consistent en un h\u00e9bergement dans des \u00e9co-lodges confortables juste \u00e0 l\u2019ext\u00e9rieur des principaux parcs et en des safaris quotidiens dans plusieurs parcs.","og_url":"https:\/\/expeditionkilimanjaro.com\/fr\/safari\/","og_site_name":"Exp\u00e9dition Kilimandjaro - l&#039;aventure de votre vie","article_publisher":"https:\/\/www.facebook.com\/ExpeditionKilimanjaro","article_modified_time":"2024-01-08T09:47:23+00:00","og_image":[{"url":"https:\/\/www.expeditiekilimanjaro.nl\/wp-content\/uploads\/2023\/02\/safari-serengeti.jpg","type":"","width":"","height":""}],"twitter_card":"summary_large_image","twitter_misc":{"Estimated reading time":"4 minutes"},"schema":{"@context":"https:\/\/schema.org","@graph":[{"@type":"WebPage","@id":"https:\/\/expeditionkilimanjaro.com\/fr\/safari\/","url":"https:\/\/expeditionkilimanjaro.com\/fr\/safari\/","name":"Ajouter un Ajoutez un safari \u00e0 votre Exp\u00e9dition Kilimandjaro | Exp\u00e9dition Kilimandjaro - l&#039;aventure de votre vie","isPartOf":{"@id":"https:\/\/expeditionkilimanjaro.com\/fr\/#website"},"primaryImageOfPage":{"@id":"https:\/\/expeditionkilimanjaro.com\/fr\/safari\/#primaryimage"},"image":{"@id":"https:\/\/expeditionkilimanjaro.com\/fr\/safari\/#primaryimage"},"thumbnailUrl":"https:\/\/www.expeditiekilimanjaro.nl\/wp-content\/uploads\/2023\/02\/safari-serengeti.jpg","datePublished":"2023-03-10T11:40:24+00:00","dateModified":"2024-01-08T09:47:23+00:00","description":"Pour un safari ultime en Tanzanie, j\u2019ai rassembl\u00e9 des safaris allant d\u2019une excursion d\u2019une journ\u00e9e pittoresque \u00e0 six jours inoubliables. Ils consistent en un h\u00e9bergement dans des \u00e9co-lodges confortables juste \u00e0 l\u2019ext\u00e9rieur des principaux parcs et en des safaris quotidiens dans plusieurs parcs.","breadcrumb":{"@id":"https:\/\/expeditionkilimanjaro.com\/fr\/safari\/#breadcrumb"},"inLanguage":"en-GB","potentialAction":[{"@type":"ReadAction","target":["https:\/\/expeditionkilimanjaro.com\/fr\/safari\/"]}]},{"@type":"ImageObject","inLanguage":"en-GB","@id":"https:\/\/expeditionkilimanjaro.com\/fr\/safari\/#primaryimage","url":"https:\/\/www.expeditiekilimanjaro.nl\/wp-content\/uploads\/2023\/02\/safari-serengeti.jpg","contentUrl":"https:\/\/www.expeditiekilimanjaro.nl\/wp-content\/uploads\/2023\/02\/safari-serengeti.jpg"},{"@type":"BreadcrumbList","@id":"https:\/\/expeditionkilimanjaro.com\/fr\/safari\/#breadcrumb","itemListElement":[{"@type":"ListItem","position":1,"name":"Home","item":"https:\/\/expeditionkilimanjaro.com\/fr\/"},{"@type":"ListItem","position":2,"name":"Ajoutez un safari \u00e0 votre Exp\u00e9dition Kilimandjaro"}]},{"@type":"WebSite","@id":"https:\/\/expeditionkilimanjaro.com\/fr\/#website","url":"https:\/\/expeditionkilimanjaro.com\/fr\/","name":"Exp\u00e9dition Kilimandjaro","description":"Trek de 11 jours pour 1999 $ - Ramon Stoppelenburg organise l&#039;aventure d&#039;une vie !","publisher":{"@id":"https:\/\/expeditionkilimanjaro.com\/fr\/#organization"},"alternateName":"L'aventure de Votre Vie!","potentialAction":[{"@type":"SearchAction","target":{"@type":"EntryPoint","urlTemplate":"https:\/\/expeditionkilimanjaro.com\/fr\/?s={search_term_string}"},"query-input":{"@type":"PropertyValueSpecification","valueRequired":true,"valueName":"search_term_string"}}],"inLanguage":"en-GB"},{"@type":"Organization","@id":"https:\/\/expeditionkilimanjaro.com\/fr\/#organization","name":"Expedition Kilimanjaro","url":"https:\/\/expeditionkilimanjaro.com\/fr\/","logo":{"@type":"ImageObject","inLanguage":"en-GB","@id":"https:\/\/expeditionkilimanjaro.com\/fr\/#\/schema\/logo\/image\/","url":"https:\/\/expeditionkilimanjaro.com\/fr\/wp-content\/uploads\/2023\/02\/logo-fr.png","contentUrl":"https:\/\/expeditionkilimanjaro.com\/fr\/wp-content\/uploads\/2023\/02\/logo-fr.png","width":517,"height":185,"caption":"Expedition Kilimanjaro"},"image":{"@id":"https:\/\/expeditionkilimanjaro.com\/fr\/#\/schema\/logo\/image\/"},"sameAs":["https:\/\/www.facebook.com\/ExpeditionKilimanjaro","https:\/\/www.linkedin.com\/company\/77093058\/"]}]}},"_links":{"self":[{"href":"https:\/\/expeditionkilimanjaro.com\/fr\/wp-json\/wp\/v2\/pages\/116","targetHints":{"allow":["GET"]}}],"collection":[{"href":"https:\/\/expeditionkilimanjaro.com\/fr\/wp-json\/wp\/v2\/pages"}],"about":[{"href":"https:\/\/expeditionkilimanjaro.com\/fr\/wp-json\/wp\/v2\/types\/page"}],"author":[{"embeddable":true,"href":"https:\/\/expeditionkilimanjaro.com\/fr\/wp-json\/wp\/v2\/users\/1"}],"replies":[{"embeddable":true,"href":"https:\/\/expeditionkilimanjaro.com\/fr\/wp-json\/wp\/v2\/comments?post=116"}],"version-history":[{"count":4,"href":"https:\/\/expeditionkilimanjaro.com\/fr\/wp-json\/wp\/v2\/pages\/116\/revisions"}],"predecessor-version":[{"id":182,"href":"https:\/\/expeditionkilimanjaro.com\/fr\/wp-json\/wp\/v2\/pages\/116\/revisions\/182"}],"wp:attachment":[{"href":"https:\/\/expeditionkilimanjaro.com\/fr\/wp-json\/wp\/v2\/media?parent=116"}],"curies":[{"name":"wp","href":"https:\/\/api.w.org\/{rel}","templated":true}]}}