{"id":121,"date":"2023-03-10T11:46:55","date_gmt":"2023-03-10T11:46:55","guid":{"rendered":"https:\/\/expeditionkilimanjaro.com\/fr\/?page_id=121"},"modified":"2023-04-02T11:10:43","modified_gmt":"2023-04-02T10:10:43","slug":"reservation","status":"publish","type":"page","link":"https:\/\/expeditionkilimanjaro.com\/fr\/reservation\/","title":{"rendered":"Formulaire de r\u00e9servation  pour l&#8217;Exp\u00e9dition Kilimanjaro"},"content":{"rendered":"<p><img loading=\"lazy\" decoding=\"async\" class=\"alignright wp-image-3488\" style=\"padding-bottom : 15px ;\" src=\"https:\/\/www.expeditiekilimanjaro.nl\/wp-content\/uploads\/2023\/02\/paspoort.jpg\" alt=\"\" width=\"167\" height=\"211\" \/>Remplir les informations demand\u00e9es dans les champs ci-dessous en fonction des d\u00e9tails de votre passeport, car ces informations seront utilis\u00e9es \u00e0 la fois pour l&#8217;h\u00f4tel et pour l&#8217;ascension du Kilimandjaro.<\/p>\n<h2><strong><em>Veuillez noter :<\/em><\/strong><\/h2>\n<ul>\n<li>Pour les groupes, chaque participant doit envoyer ce formulaire de r\u00e9servation. Si vous avez des questions \u00e0 ce sujet, n&#8217;h\u00e9sitez pas \u00e0 me contacter. Donnez \u00e0 votre &#8220;groupe&#8221; un nom unique que tous les participants pourront utiliser.<\/li>\n<li>L&#8217;exp\u00e9dition sur le Kilimandjaro ne convient qu&#8217;aux participants \u00e2g\u00e9s de 14 ans et plus.<\/li>\n<li>Les femmes enceintes et les personnes souffrant de graves probl\u00e8mes respiratoires ne doivent pas faire de randonn\u00e9e en haute altitude sans l&#8217;avis de leur m\u00e9decin. Il est recommand\u00e9 de consulter un m\u00e9decin g\u00e9n\u00e9raliste.<\/li>\n<li><strong>Les personnes ayant subi un traitement au laser des yeux peuvent voir leur vision changer au-dessus de 4500 m\u00e8tres. Une ascension est donc \u00e9galement d\u00e9conseill\u00e9e dans les 12 mois suivant le traitement.<\/strong><\/li>\n<\/ul>\n<h1><strong>Remplir le formulaire ci-dessous :<\/strong><\/h1>\n\n<div class=\"wpcf7 no-js\" id=\"wpcf7-f120-o1\" lang=\"en-GB\" dir=\"ltr\" data-wpcf7-id=\"120\">\n<div class=\"screen-reader-response\"><p role=\"status\" aria-live=\"polite\" aria-atomic=\"true\"><\/p> <ul><\/ul><\/div>\n<form action=\"\/fr\/wp-json\/wp\/v2\/pages\/121#wpcf7-f120-o1\" method=\"post\" class=\"wpcf7-form init\" aria-label=\"Contact form\" novalidate=\"novalidate\" data-status=\"init\">\n<fieldset class=\"hidden-fields-container\"><input type=\"hidden\" name=\"_wpcf7\" value=\"120\" \/><input type=\"hidden\" name=\"_wpcf7_version\" value=\"6.1.5\" \/><input type=\"hidden\" name=\"_wpcf7_locale\" value=\"en_GB\" \/><input type=\"hidden\" name=\"_wpcf7_unit_tag\" value=\"wpcf7-f120-o1\" \/><input type=\"hidden\" name=\"_wpcf7_container_post\" value=\"0\" \/><input type=\"hidden\" name=\"_wpcf7_posted_data_hash\" value=\"\" \/>\n<\/fieldset>\n<p>Avec ce formulaire, tu peux soumettre une <b>r\u00e9servation sans engagement<\/b> pour ton Exp\u00e9dition Kilimandjaro. Dans les deux jours qui suivent, tu recevras par courrier une confirmation officielle de r\u00e9servation accompagn\u00e9e d'une demande de paiement. Une fois le paiement effectu\u00e9, l'exp\u00e9dition est r\u00e9serv\u00e9e.\n<\/p>\n<hr \/>\n<p>Quelle est la date d'arriv\u00e9e souhait\u00e9e ?<br \/>\n<span class=\"wpcf7-form-control-wrap\" data-name=\"datedarrivee\"><input size=\"40\" maxlength=\"400\" class=\"wpcf7-form-control wpcf7-text wpcf7-validates-as-required\" aria-required=\"true\" aria-invalid=\"false\" value=\"\" type=\"text\" name=\"datedarrivee\" \/><\/span>\n<\/p>\n<p>Quel est le nombre de participants \u00e0 l'exp\u00e9dition ?<br \/>\n<span class=\"wpcf7-form-control-wrap\" data-name=\"nombredeparticipants\"><input size=\"40\" maxlength=\"400\" class=\"wpcf7-form-control wpcf7-text wpcf7-validates-as-required\" aria-required=\"true\" aria-invalid=\"false\" value=\"\" type=\"text\" name=\"nombredeparticipants\" \/><\/span>\n<\/p>\n<p>Donnez un nom \u00e0 ce groupe de voyageurs :<br \/>\n<i>(demandez \u00e0 chaque participant de remplir ce formulaire et d'utiliser \u00e9galement le nom du groupe)<\/i><br \/>\n<span class=\"wpcf7-form-control-wrap\" data-name=\"nomgroupe\"><input size=\"40\" maxlength=\"400\" class=\"wpcf7-form-control wpcf7-text\" aria-invalid=\"false\" value=\"\" type=\"text\" name=\"nomgroupe\" \/><\/span>\n<\/p>\n<hr \/>\n<h2><b>Vos coordonn\u00e9es<\/b>\n<\/h2>\n<p>Quels sont vos nom et pr\u00e9nom ?<br \/>\n<span class=\"wpcf7-form-control-wrap\" data-name=\"tonnom\"><input size=\"40\" maxlength=\"400\" class=\"wpcf7-form-control wpcf7-text wpcf7-validates-as-required\" aria-required=\"true\" aria-invalid=\"false\" value=\"\" type=\"text\" name=\"tonnom\" \/><\/span>\n<\/p>\n<p>Nationalit\u00e9 :<br \/>\n<span class=\"wpcf7-form-control-wrap\" data-name=\"nationalite\"><input size=\"40\" maxlength=\"400\" class=\"wpcf7-form-control wpcf7-text wpcf7-validates-as-required\" aria-required=\"true\" aria-invalid=\"false\" value=\"\" type=\"text\" name=\"nationalite\" \/><\/span>\n<\/p>\n<p>Sexe :<br \/>\n<span class=\"wpcf7-form-control-wrap\" data-name=\"sexe\"><input size=\"40\" maxlength=\"400\" class=\"wpcf7-form-control wpcf7-text wpcf7-validates-as-required\" aria-required=\"true\" aria-invalid=\"false\" value=\"\" type=\"text\" name=\"sexe\" \/><\/span>\n<\/p>\n<p>Date de naissance :<br \/>\n<span class=\"wpcf7-form-control-wrap\" data-name=\"datedenaissance\"><input class=\"wpcf7-form-control wpcf7-date wpcf7-validates-as-required wpcf7-validates-as-date\" aria-required=\"true\" aria-invalid=\"false\" value=\"\" type=\"date\" name=\"datedenaissance\" \/><\/span>\n<\/p>\n<p>Num\u00e9ro de t\u00e9l\u00e9phone :<br \/>\n<span class=\"wpcf7-form-control-wrap\" data-name=\"telephone\"><input size=\"40\" maxlength=\"400\" class=\"wpcf7-form-control wpcf7-text\" aria-invalid=\"false\" value=\"\" type=\"text\" name=\"telephone\" \/><\/span>\n<\/p>\n<p>Adresse \u00e9lectronique (c'est \u00e0 cette adresse que nous enverrons la confirmation) :<br \/>\n<span class=\"wpcf7-form-control-wrap\" data-name=\"tonemail\"><input size=\"40\" maxlength=\"400\" class=\"wpcf7-form-control wpcf7-email wpcf7-validates-as-required wpcf7-text wpcf7-validates-as-email\" aria-required=\"true\" aria-invalid=\"false\" value=\"\" type=\"email\" name=\"tonemail\" \/><\/span>\n<\/p>\n<p>Num\u00e9ro de passeport (n\u00e9cessaire pour les permis d'acc\u00e8s aux parcs) :<br \/>\n<span class=\"wpcf7-form-control-wrap\" data-name=\"passeport\"><input size=\"40\" maxlength=\"400\" class=\"wpcf7-form-control wpcf7-text\" aria-invalid=\"false\" value=\"\" type=\"text\" name=\"passeport\" \/><\/span>\n<\/p>\n<p>Le passeport est valable jusqu'au ?<br \/>\n<span class=\"wpcf7-form-control-wrap\" data-name=\"validite\"><input class=\"wpcf7-form-control wpcf7-date wpcf7-validates-as-date\" aria-invalid=\"false\" value=\"\" type=\"date\" name=\"validite\" \/><\/span>\n<\/p>\n<hr \/>\n<h2><b>Donn\u00e9es d'adresse<\/b>\n<\/h2>\n<p>Adresse du domicile<br \/>\n<span class=\"wpcf7-form-control-wrap\" data-name=\"details\"><input size=\"40\" maxlength=\"400\" class=\"wpcf7-form-control wpcf7-text wpcf7-validates-as-required\" aria-required=\"true\" aria-invalid=\"false\" value=\"\" type=\"text\" name=\"details\" \/><\/span>\n<\/p>\n<p>Code postal\/ZIP<br \/>\n<span class=\"wpcf7-form-control-wrap\" data-name=\"code\"><input size=\"40\" maxlength=\"400\" class=\"wpcf7-form-control wpcf7-text wpcf7-validates-as-required\" aria-required=\"true\" aria-invalid=\"false\" value=\"\" type=\"text\" name=\"code\" \/><\/span>\n<\/p>\n<p>Ville<br \/>\n<span class=\"wpcf7-form-control-wrap\" data-name=\"ville\"><input size=\"40\" maxlength=\"400\" class=\"wpcf7-form-control wpcf7-text wpcf7-validates-as-required\" aria-required=\"true\" aria-invalid=\"false\" value=\"\" type=\"text\" name=\"ville\" \/><\/span>\n<\/p>\n<p>Province\/\u00c9tat<br \/>\n<span class=\"wpcf7-form-control-wrap\" data-name=\"ville\"><input size=\"40\" maxlength=\"400\" class=\"wpcf7-form-control wpcf7-text wpcf7-validates-as-required\" aria-required=\"true\" aria-invalid=\"false\" value=\"\" type=\"text\" name=\"ville\" \/><\/span>\n<\/p>\n<p>Pays<br \/>\n<span class=\"wpcf7-form-control-wrap\" data-name=\"pays\"><input size=\"40\" maxlength=\"400\" class=\"wpcf7-form-control wpcf7-text wpcf7-validates-as-required\" aria-required=\"true\" aria-invalid=\"false\" value=\"\" type=\"text\" name=\"pays\" \/><\/span>\n<\/p>\n<h2><b>Pour pendant l'exp\u00e9dition<\/b>\n<\/h2>\n<p>Personne \u00e0 contacter en cas d'urgence (nom)<br \/>\n<span class=\"wpcf7-form-control-wrap\" data-name=\"personnecontact\"><input size=\"40\" maxlength=\"400\" class=\"wpcf7-form-control wpcf7-text\" aria-invalid=\"false\" value=\"\" type=\"text\" name=\"personnecontact\" \/><\/span>\n<\/p>\n<p>Num\u00e9ro de t\u00e9l\u00e9phone du contact<br \/>\n<span class=\"wpcf7-form-control-wrap\" data-name=\"contactphone\"><input size=\"40\" maxlength=\"400\" class=\"wpcf7-form-control wpcf7-tel wpcf7-text wpcf7-validates-as-tel\" aria-invalid=\"false\" value=\"\" type=\"tel\" name=\"contactphone\" \/><\/span>\n<\/p>\n<p>As-tu des besoins m\u00e9dicaux ?<br \/>\n<span class=\"wpcf7-form-control-wrap\" data-name=\"medicalrequirements\"><input size=\"40\" maxlength=\"400\" class=\"wpcf7-form-control wpcf7-text\" aria-invalid=\"false\" value=\"\" type=\"text\" name=\"medicalrequirements\" \/><\/span>\n<\/p>\n<p>R\u00e9gime alimentaire, pr\u00e9f\u00e9rences alimentaires, allergies ?<br \/>\n<span class=\"wpcf7-form-control-wrap\" data-name=\"dietaryrequirements\"><input size=\"40\" maxlength=\"400\" class=\"wpcf7-form-control wpcf7-text\" aria-invalid=\"false\" value=\"\" type=\"text\" name=\"dietaryrequirements\" \/><\/span>\n<\/p>\n<p>Assurance voyage (obligatoire) \u00e0<br \/>\n<span class=\"wpcf7-form-control-wrap\" data-name=\"assurancevoyage\"><input size=\"40\" maxlength=\"400\" class=\"wpcf7-form-control wpcf7-text\" aria-invalid=\"false\" value=\"\" type=\"text\" name=\"assurancevoyage\" \/><\/span>\n<\/p>\n<p>Num\u00e9ro de assurance<br \/>\n<span class=\"wpcf7-form-control-wrap\" data-name=\"numerodeassurance\"><input size=\"40\" maxlength=\"400\" class=\"wpcf7-form-control wpcf7-text\" aria-invalid=\"false\" value=\"\" type=\"text\" name=\"numerodeassurance\" \/><\/span>\n<\/p>\n<p>Comment avez-vous entendu parler de l'Exp\u00e9dition Kilimandjaro ?<br \/>\n<span class=\"wpcf7-form-control-wrap\" data-name=\"howfound\"><input size=\"40\" maxlength=\"400\" class=\"wpcf7-form-control wpcf7-text\" aria-invalid=\"false\" value=\"\" type=\"text\" name=\"howfound\" \/><\/span>\n<\/p>\n<hr \/>\n<p>Souhaitez-vous ajouter un safari \u00e0 votre exp\u00e9dition ?<br \/>\n<span class=\"wpcf7-form-control-wrap\" data-name=\"addsafari\"><span class=\"wpcf7-form-control wpcf7-checkbox\"><span class=\"wpcf7-list-item first\"><label><input type=\"checkbox\" name=\"addsafari[]\" value=\"Oui\" \/><span class=\"wpcf7-list-item-label\">Oui<\/span><\/label><\/span><span class=\"wpcf7-list-item last\"><label><input type=\"checkbox\" name=\"addsafari[]\" value=\"Non\" \/><span class=\"wpcf7-list-item-label\">Non<\/span><\/label><\/span><\/span><\/span>\n<\/p>\n<p>Si oui, veuillez s\u00e9lectionner l'option souhait\u00e9e :<br \/>\n<span class=\"wpcf7-form-control-wrap\" data-name=\"safarioptions\"><select class=\"wpcf7-form-control wpcf7-select\" aria-invalid=\"false\" name=\"safarioptions\"><option value=\"\">&#8212;Please choose an option&#8212;<\/option><option value=\"1 jour\">1 jour<\/option><option value=\"2 jours\">2 jours<\/option><option value=\"3 jours\">3 jours<\/option><option value=\"4 jours\">4 jours<\/option><option value=\"5 jours option 1\">5 jours option 1<\/option><option value=\"5 jours option 2\">5 jours option 2<\/option><option value=\"6 jours\">6 jours<\/option><\/select><\/span>\n<\/p>\n<p>Avez-vous quelque chose d'autre \u00e0 ajouter, peut-\u00eatre ?<br \/>\n<span class=\"wpcf7-form-control-wrap\" data-name=\"autrescommentaires\"><textarea cols=\"40\" rows=\"10\" maxlength=\"2000\" class=\"wpcf7-form-control wpcf7-textarea\" aria-invalid=\"false\" name=\"autrescommentaires\"><\/textarea><\/span>\n<\/p>\n<p><span class=\"wpcf7-form-control-wrap\" data-name=\"acceptance\"><span class=\"wpcf7-form-control wpcf7-acceptance\"><span class=\"wpcf7-list-item\"><label><input type=\"checkbox\" name=\"acceptance\" value=\"1\" aria-invalid=\"false\" \/><span class=\"wpcf7-list-item-label\">J'ai lu <a href=\"https:\/\/www.expeditionkilimanjaro.com\/fr\/conditionsgenerales\/\" target=\"_blank\">les conditions g\u00e9n\u00e9rales de voyage<\/a> (le lien s'ouvre dans une nouvelle fen\u00eatre) et je les comprends et les accepte.<\/span><\/label><\/span><\/span><\/span>\n<\/p>\n<p><input class=\"wpcf7-form-control wpcf7-submit has-spinner\" type=\"submit\" value=\"Envoyer\" \/>\n<\/p><p style=\"display: none !important;\" class=\"akismet-fields-container\" data-prefix=\"_wpcf7_ak_\"><label>&#916;<textarea name=\"_wpcf7_ak_hp_textarea\" cols=\"45\" rows=\"8\" maxlength=\"100\"><\/textarea><\/label><input type=\"hidden\" id=\"ak_js_1\" name=\"_wpcf7_ak_js\" value=\"79\"\/><script type=\"text\/javascript\">\n\/* <![CDATA[ *\/\ndocument.getElementById( \"ak_js_1\" ).setAttribute( \"value\", ( new Date() ).getTime() );\n\/* ]]> *\/\n<\/script>\n<\/p><div class=\"wpcf7-response-output\" aria-hidden=\"true\"><\/div>\n<\/form>\n<\/div>\n\n","protected":false},"excerpt":{"rendered":"<p>Remplir les informations demand\u00e9es dans les champs ci-dessous en fonction des d\u00e9tails de votre passeport, car ces informations seront utilis\u00e9es \u00e0 la fois pour l&#8217;h\u00f4tel et pour l&#8217;ascension du Kilimandjaro. Veuillez noter&#8230;<\/p>\n","protected":false},"author":1,"featured_media":0,"parent":0,"menu_order":0,"comment_status":"closed","ping_status":"closed","template":"","meta":{"footnotes":""},"class_list":["post-121","page","type-page","status-publish","hentry"],"yoast_head":"<!-- This site is optimized with the Yoast SEO plugin v27.5 - https:\/\/yoast.com\/product\/yoast-seo-wordpress\/ -->\n<title>Formulaire de r\u00e9servation pour l&#039;Exp\u00e9dition Kilimanjaro | Exp\u00e9dition Kilimandjaro - l&#039;aventure de votre vie<\/title>\n<meta name=\"robots\" content=\"index, follow, max-snippet:-1, max-image-preview:large, max-video-preview:-1\" \/>\n<link rel=\"canonical\" href=\"https:\/\/expeditionkilimanjaro.com\/fr\/reservation\/\" \/>\n<meta property=\"og:locale\" content=\"en_GB\" \/>\n<meta property=\"og:type\" content=\"article\" \/>\n<meta property=\"og:title\" content=\"Formulaire de r\u00e9servation pour l&#039;Exp\u00e9dition Kilimanjaro | Exp\u00e9dition Kilimandjaro - l&#039;aventure de votre vie\" \/>\n<meta property=\"og:description\" content=\"Remplir les informations demand\u00e9es dans les champs ci-dessous en fonction des d\u00e9tails de votre passeport, car ces informations seront utilis\u00e9es \u00e0 la fois pour l&#8217;h\u00f4tel et pour l&#8217;ascension du Kilimandjaro. Veuillez noter...\" \/>\n<meta property=\"og:url\" content=\"https:\/\/expeditionkilimanjaro.com\/fr\/reservation\/\" \/>\n<meta property=\"og:site_name\" content=\"Exp\u00e9dition Kilimandjaro - l&#039;aventure de votre vie\" \/>\n<meta property=\"article:publisher\" content=\"https:\/\/www.facebook.com\/ExpeditionKilimanjaro\" \/>\n<meta property=\"article:modified_time\" content=\"2023-04-02T10:10:43+00:00\" \/>\n<meta property=\"og:image\" content=\"https:\/\/www.expeditiekilimanjaro.nl\/wp-content\/uploads\/2023\/02\/paspoort.jpg\" \/>\n<meta name=\"twitter:card\" content=\"summary_large_image\" \/>\n<meta name=\"twitter:label1\" content=\"Estimated reading time\" \/>\n\t<meta name=\"twitter:data1\" content=\"1 minute\" \/>\n<script type=\"application\/ld+json\" class=\"yoast-schema-graph\">{\"@context\":\"https:\\\/\\\/schema.org\",\"@graph\":[{\"@type\":\"WebPage\",\"@id\":\"https:\\\/\\\/expeditionkilimanjaro.com\\\/fr\\\/reservation\\\/\",\"url\":\"https:\\\/\\\/expeditionkilimanjaro.com\\\/fr\\\/reservation\\\/\",\"name\":\"Formulaire de r\u00e9servation pour l'Exp\u00e9dition Kilimanjaro | Exp\u00e9dition Kilimandjaro - l&#039;aventure de votre vie\",\"isPartOf\":{\"@id\":\"https:\\\/\\\/expeditionkilimanjaro.com\\\/fr\\\/#website\"},\"primaryImageOfPage\":{\"@id\":\"https:\\\/\\\/expeditionkilimanjaro.com\\\/fr\\\/reservation\\\/#primaryimage\"},\"image\":{\"@id\":\"https:\\\/\\\/expeditionkilimanjaro.com\\\/fr\\\/reservation\\\/#primaryimage\"},\"thumbnailUrl\":\"https:\\\/\\\/www.expeditiekilimanjaro.nl\\\/wp-content\\\/uploads\\\/2023\\\/02\\\/paspoort.jpg\",\"datePublished\":\"2023-03-10T11:46:55+00:00\",\"dateModified\":\"2023-04-02T10:10:43+00:00\",\"breadcrumb\":{\"@id\":\"https:\\\/\\\/expeditionkilimanjaro.com\\\/fr\\\/reservation\\\/#breadcrumb\"},\"inLanguage\":\"en-GB\",\"potentialAction\":[{\"@type\":\"ReadAction\",\"target\":[\"https:\\\/\\\/expeditionkilimanjaro.com\\\/fr\\\/reservation\\\/\"]}]},{\"@type\":\"ImageObject\",\"inLanguage\":\"en-GB\",\"@id\":\"https:\\\/\\\/expeditionkilimanjaro.com\\\/fr\\\/reservation\\\/#primaryimage\",\"url\":\"https:\\\/\\\/www.expeditiekilimanjaro.nl\\\/wp-content\\\/uploads\\\/2023\\\/02\\\/paspoort.jpg\",\"contentUrl\":\"https:\\\/\\\/www.expeditiekilimanjaro.nl\\\/wp-content\\\/uploads\\\/2023\\\/02\\\/paspoort.jpg\"},{\"@type\":\"BreadcrumbList\",\"@id\":\"https:\\\/\\\/expeditionkilimanjaro.com\\\/fr\\\/reservation\\\/#breadcrumb\",\"itemListElement\":[{\"@type\":\"ListItem\",\"position\":1,\"name\":\"Home\",\"item\":\"https:\\\/\\\/expeditionkilimanjaro.com\\\/fr\\\/\"},{\"@type\":\"ListItem\",\"position\":2,\"name\":\"Formulaire de r\u00e9servation pour l&#8217;Exp\u00e9dition Kilimanjaro\"}]},{\"@type\":\"WebSite\",\"@id\":\"https:\\\/\\\/expeditionkilimanjaro.com\\\/fr\\\/#website\",\"url\":\"https:\\\/\\\/expeditionkilimanjaro.com\\\/fr\\\/\",\"name\":\"Exp\u00e9dition Kilimandjaro\",\"description\":\"Trek de 11 jours pour 1999 $ - Ramon Stoppelenburg organise l&#039;aventure d&#039;une vie !\",\"publisher\":{\"@id\":\"https:\\\/\\\/expeditionkilimanjaro.com\\\/fr\\\/#organization\"},\"alternateName\":\"L'aventure de Votre Vie!\",\"potentialAction\":[{\"@type\":\"SearchAction\",\"target\":{\"@type\":\"EntryPoint\",\"urlTemplate\":\"https:\\\/\\\/expeditionkilimanjaro.com\\\/fr\\\/?s={search_term_string}\"},\"query-input\":{\"@type\":\"PropertyValueSpecification\",\"valueRequired\":true,\"valueName\":\"search_term_string\"}}],\"inLanguage\":\"en-GB\"},{\"@type\":\"Organization\",\"@id\":\"https:\\\/\\\/expeditionkilimanjaro.com\\\/fr\\\/#organization\",\"name\":\"Expedition Kilimanjaro\",\"url\":\"https:\\\/\\\/expeditionkilimanjaro.com\\\/fr\\\/\",\"logo\":{\"@type\":\"ImageObject\",\"inLanguage\":\"en-GB\",\"@id\":\"https:\\\/\\\/expeditionkilimanjaro.com\\\/fr\\\/#\\\/schema\\\/logo\\\/image\\\/\",\"url\":\"https:\\\/\\\/expeditionkilimanjaro.com\\\/fr\\\/wp-content\\\/uploads\\\/2023\\\/02\\\/logo-fr.png\",\"contentUrl\":\"https:\\\/\\\/expeditionkilimanjaro.com\\\/fr\\\/wp-content\\\/uploads\\\/2023\\\/02\\\/logo-fr.png\",\"width\":517,\"height\":185,\"caption\":\"Expedition Kilimanjaro\"},\"image\":{\"@id\":\"https:\\\/\\\/expeditionkilimanjaro.com\\\/fr\\\/#\\\/schema\\\/logo\\\/image\\\/\"},\"sameAs\":[\"https:\\\/\\\/www.facebook.com\\\/ExpeditionKilimanjaro\",\"https:\\\/\\\/www.linkedin.com\\\/company\\\/77093058\\\/\"]}]}<\/script>\n<!-- \/ Yoast SEO plugin. -->","yoast_head_json":{"title":"Formulaire de r\u00e9servation pour l'Exp\u00e9dition Kilimanjaro | Exp\u00e9dition Kilimandjaro - l&#039;aventure de votre vie","robots":{"index":"index","follow":"follow","max-snippet":"max-snippet:-1","max-image-preview":"max-image-preview:large","max-video-preview":"max-video-preview:-1"},"canonical":"https:\/\/expeditionkilimanjaro.com\/fr\/reservation\/","og_locale":"en_GB","og_type":"article","og_title":"Formulaire de r\u00e9servation pour l'Exp\u00e9dition Kilimanjaro | Exp\u00e9dition Kilimandjaro - l&#039;aventure de votre vie","og_description":"Remplir les informations demand\u00e9es dans les champs ci-dessous en fonction des d\u00e9tails de votre passeport, car ces informations seront utilis\u00e9es \u00e0 la fois pour l&#8217;h\u00f4tel et pour l&#8217;ascension du Kilimandjaro. Veuillez noter...","og_url":"https:\/\/expeditionkilimanjaro.com\/fr\/reservation\/","og_site_name":"Exp\u00e9dition Kilimandjaro - l&#039;aventure de votre vie","article_publisher":"https:\/\/www.facebook.com\/ExpeditionKilimanjaro","article_modified_time":"2023-04-02T10:10:43+00:00","og_image":[{"url":"https:\/\/www.expeditiekilimanjaro.nl\/wp-content\/uploads\/2023\/02\/paspoort.jpg","type":"","width":"","height":""}],"twitter_card":"summary_large_image","twitter_misc":{"Estimated reading time":"1 minute"},"schema":{"@context":"https:\/\/schema.org","@graph":[{"@type":"WebPage","@id":"https:\/\/expeditionkilimanjaro.com\/fr\/reservation\/","url":"https:\/\/expeditionkilimanjaro.com\/fr\/reservation\/","name":"Formulaire de r\u00e9servation pour l'Exp\u00e9dition Kilimanjaro | Exp\u00e9dition Kilimandjaro - l&#039;aventure de votre vie","isPartOf":{"@id":"https:\/\/expeditionkilimanjaro.com\/fr\/#website"},"primaryImageOfPage":{"@id":"https:\/\/expeditionkilimanjaro.com\/fr\/reservation\/#primaryimage"},"image":{"@id":"https:\/\/expeditionkilimanjaro.com\/fr\/reservation\/#primaryimage"},"thumbnailUrl":"https:\/\/www.expeditiekilimanjaro.nl\/wp-content\/uploads\/2023\/02\/paspoort.jpg","datePublished":"2023-03-10T11:46:55+00:00","dateModified":"2023-04-02T10:10:43+00:00","breadcrumb":{"@id":"https:\/\/expeditionkilimanjaro.com\/fr\/reservation\/#breadcrumb"},"inLanguage":"en-GB","potentialAction":[{"@type":"ReadAction","target":["https:\/\/expeditionkilimanjaro.com\/fr\/reservation\/"]}]},{"@type":"ImageObject","inLanguage":"en-GB","@id":"https:\/\/expeditionkilimanjaro.com\/fr\/reservation\/#primaryimage","url":"https:\/\/www.expeditiekilimanjaro.nl\/wp-content\/uploads\/2023\/02\/paspoort.jpg","contentUrl":"https:\/\/www.expeditiekilimanjaro.nl\/wp-content\/uploads\/2023\/02\/paspoort.jpg"},{"@type":"BreadcrumbList","@id":"https:\/\/expeditionkilimanjaro.com\/fr\/reservation\/#breadcrumb","itemListElement":[{"@type":"ListItem","position":1,"name":"Home","item":"https:\/\/expeditionkilimanjaro.com\/fr\/"},{"@type":"ListItem","position":2,"name":"Formulaire de r\u00e9servation pour l&#8217;Exp\u00e9dition Kilimanjaro"}]},{"@type":"WebSite","@id":"https:\/\/expeditionkilimanjaro.com\/fr\/#website","url":"https:\/\/expeditionkilimanjaro.com\/fr\/","name":"Exp\u00e9dition Kilimandjaro","description":"Trek de 11 jours pour 1999 $ - Ramon Stoppelenburg organise l&#039;aventure d&#039;une vie !","publisher":{"@id":"https:\/\/expeditionkilimanjaro.com\/fr\/#organization"},"alternateName":"L'aventure de Votre Vie!","potentialAction":[{"@type":"SearchAction","target":{"@type":"EntryPoint","urlTemplate":"https:\/\/expeditionkilimanjaro.com\/fr\/?s={search_term_string}"},"query-input":{"@type":"PropertyValueSpecification","valueRequired":true,"valueName":"search_term_string"}}],"inLanguage":"en-GB"},{"@type":"Organization","@id":"https:\/\/expeditionkilimanjaro.com\/fr\/#organization","name":"Expedition Kilimanjaro","url":"https:\/\/expeditionkilimanjaro.com\/fr\/","logo":{"@type":"ImageObject","inLanguage":"en-GB","@id":"https:\/\/expeditionkilimanjaro.com\/fr\/#\/schema\/logo\/image\/","url":"https:\/\/expeditionkilimanjaro.com\/fr\/wp-content\/uploads\/2023\/02\/logo-fr.png","contentUrl":"https:\/\/expeditionkilimanjaro.com\/fr\/wp-content\/uploads\/2023\/02\/logo-fr.png","width":517,"height":185,"caption":"Expedition Kilimanjaro"},"image":{"@id":"https:\/\/expeditionkilimanjaro.com\/fr\/#\/schema\/logo\/image\/"},"sameAs":["https:\/\/www.facebook.com\/ExpeditionKilimanjaro","https:\/\/www.linkedin.com\/company\/77093058\/"]}]}},"_links":{"self":[{"href":"https:\/\/expeditionkilimanjaro.com\/fr\/wp-json\/wp\/v2\/pages\/121","targetHints":{"allow":["GET"]}}],"collection":[{"href":"https:\/\/expeditionkilimanjaro.com\/fr\/wp-json\/wp\/v2\/pages"}],"about":[{"href":"https:\/\/expeditionkilimanjaro.com\/fr\/wp-json\/wp\/v2\/types\/page"}],"author":[{"embeddable":true,"href":"https:\/\/expeditionkilimanjaro.com\/fr\/wp-json\/wp\/v2\/users\/1"}],"replies":[{"embeddable":true,"href":"https:\/\/expeditionkilimanjaro.com\/fr\/wp-json\/wp\/v2\/comments?post=121"}],"version-history":[{"count":3,"href":"https:\/\/expeditionkilimanjaro.com\/fr\/wp-json\/wp\/v2\/pages\/121\/revisions"}],"predecessor-version":[{"id":160,"href":"https:\/\/expeditionkilimanjaro.com\/fr\/wp-json\/wp\/v2\/pages\/121\/revisions\/160"}],"wp:attachment":[{"href":"https:\/\/expeditionkilimanjaro.com\/fr\/wp-json\/wp\/v2\/media?parent=121"}],"curies":[{"name":"wp","href":"https:\/\/api.w.org\/{rel}","templated":true}]}}