{"id":2,"date":"2023-02-26T11:47:46","date_gmt":"2023-02-26T11:47:46","guid":{"rendered":"https:\/\/expeditionkilimanjaro.com\/fr\/?page_id=2"},"modified":"2025-01-08T20:46:30","modified_gmt":"2025-01-08T20:46:30","slug":"escalader-le-mont-kilimandjarolaventure-de-votre-vie","status":"publish","type":"page","link":"https:\/\/expeditionkilimanjaro.com\/fr\/","title":{"rendered":"Escalader le Mont Kilimandjaro<BR>L&#8217;aventure de votre vie !"},"content":{"rendered":"<p><img loading=\"lazy\" decoding=\"async\" class=\"alignnone size-full wp-image-170\" src=\"https:\/\/expeditionkilimanjaro.com\/fr\/wp-content\/uploads\/2024\/01\/mountainguides-french.jpg\" alt=\"\" width=\"901\" height=\"507\" \/><\/p>\n<div style=\"padding: 55% 0 0 0; position: relative;\"><iframe style=\"position: absolute; top: 0; left: 0; width: 100%; height: 100%;\" src=\"https:\/\/player.vimeo.com\/video\/802431757?h=c9a84f6a93&amp;title=0&amp;byline=0&amp;portrait=0\" frameborder=\"0\" allowfullscreen=\"allowfullscreen\"><\/iframe><\/div>\n<p><script src=\"https:\/\/player.vimeo.com\/api\/player.js\"><\/script><\/p>\n<p><strong>L&#8217;ascension du Mont Kilimandjaro en Tanzanie est vraiment une exp\u00e9rience m\u00e9morable. Le mont Kilimandjaro s&#8217;\u00e9l\u00e8ve majestueusement de la for\u00eat tropicale du nord-est de la Tanzanie jusqu&#8217;\u00e0 son <strong>sommet immacul\u00e9, couvert de neige et de glace, \u00e0 5 895 m\u00e8tres<\/strong>.<\/strong><\/p>\n<p>L&#8217;ascension de ce volcan inactif &#8211; la plus haute montagne d&#8217;Afrique et la 4e plus haute montagne autoportante de la plan\u00e8te &#8211; \u00e9tait autrefois consid\u00e9r\u00e9e comme r\u00e9serv\u00e9e aux grimpeurs &#8220;experts&#8221; robustes et d&#8217;\u00e9lite ayant des mois de pr\u00e9paration \u00e0 leur actif.<\/p>\n<p><img loading=\"lazy\" decoding=\"async\" class=\"aligncenter size-full wp-image-38\" src=\"https:\/\/www.expeditionkilimanjaro.com\/wp-content\/uploads\/2023\/02\/sleeping-giant-kilimanjaro.jpg\" alt=\"\" width=\"900\" height=\"441\" \/><\/p>\n<blockquote><p>Mais avec l&#8217;<i>Exp\u00e9dition Kilimanjaro<\/i> de Ron Stoppelenburg, m\u00eame vous pouvez conqu\u00e9rir ce &#8220;G\u00e9ant endormi !&#8221;<\/p><\/blockquote>\n<h3>Ramon: <strong>Pour l&#8217;ultime Exp\u00e9dition Kilimanjaro, j&#8217;ai compos\u00e9 une aventure de 11 jours qui consiste en 7 jours de camping sur la montagne (6 nuits) et 4 jours dans un confortable h\u00f4tel local \u00e0 Arusha (deux jours avant et deux jours apr\u00e8s l&#8217;ascension).<\/strong><\/h3>\n<p><img loading=\"lazy\" decoding=\"async\" class=\"aligncenter size-full wp-image-39\" src=\"https:\/\/www.expeditionkilimanjaro.com\/wp-content\/uploads\/2023\/02\/groupphototop-1.jpg\" alt=\"\" width=\"850\" height=\"646\" \/><\/p>\n<h3>Pendant 7 jours et 6 nuits, l&#8217;Exp\u00e9dition Kilimandjaro vous m\u00e8nera le long de la route Machame jusqu&#8217;au point le plus \u00e9lev\u00e9 de la montagne, <strong>le pic Uhuru (5 896 m \/ 19 343 ft.)<\/strong> <a href=\"itineraire\">Lire plus sur la route<\/a> \u00bb<\/h3>\n<p>Une exp\u00e9dition se compose d&#8217;un maximum de 12 personnes dirig\u00e9es par des guides (parlant anglais) et des porteurs tanzaniens natifs certifi\u00e9s ayant des ann\u00e9es d&#8217;exp\u00e9rience en alpinisme. Pendant que ces incroyables guides de montagne dirigent votre groupe lors de l&#8217;ascension pittoresque de la plus haute montagne d&#8217;Afrique, les porteurs assumeront la demande physique de porter vos articles personnels et tout le mat\u00e9riel de camping tout au long du voyage de sept jours.<\/p>\n<p><strong>Les petits groupes et les randonneurs solitaires peuvent opter pour une Exp\u00e9dition Kilimandjaro plus individuelle avec leur guide private, partant \u00e0 la date de leur choix.<\/strong><\/p>\n<p><img loading=\"lazy\" decoding=\"async\" class=\"aligncenter size-full wp-image-40\" src=\"https:\/\/www.expeditionkilimanjaro.com\/wp-content\/uploads\/2023\/02\/walking-to-top-of-kilimanjaro.jpg\" alt=\"\" width=\"850\" height=\"335\" \/><\/p>\n<h2><a href=\"prix-dates\"><span style=\"color: #ff0000;\">Le prix de l&#8217;Exp\u00e9dition Kilimanjaro est de <b>1999 US$<\/b> p.p.<\/span><\/a><\/h2>\n<blockquote><p>Ce prix reste le m\u00eame que vous participiez \u00e0 l&#8217;un des groupes internationaux de l&#8217;Exp\u00e9dition Kilimandjaro qui partent tout au long de l&#8217;ann\u00e9e (<a href=\"#agenda\">voir l&#8217;Agenda ci-dessous<\/a>) ou que vous organisiez votre propre trek guid\u00e9 en petit groupe ou en solo.<\/p><\/blockquote>\n<p><a href=\"https:\/\/expeditionkilimanjaro.com\/fr\/voler\/\">Ce prix ne comprend pas les vols vers la Tanzanie<\/a> mais <strong>inclut <\/strong>les transferts vers et depuis l&#8217;a\u00e9roport international du Kilimandjaro, quatre nuits d&#8217;h\u00e9bergement dans un h\u00f4tel de qualit\u00e9 \u00e0 Arusha, petit d\u00e9jeuner compris (2 nuits avant et 2 nuits apr\u00e8s l&#8217;ascension), une \u00e9quipe de montagne compl\u00e8te (guide, cuisinier, assistants, porteurs), tout le mat\u00e9riel de camping n\u00e9cessaire (ie. tente de couchage, tente \u00e0 manger, tables, chaises, ustensiles de cuisine, etc.), les frais de sauvetage de m\u00e9decins volants, tous les repas pendant l&#8217;ascension, l&#8217;eau potable sur la montagne, les frais de camping, le permis du parc national du Kilimandjaro et toutes les taxes gouvernementales.<\/p>\n<p><strong><a href=\"pendant\">Que pouvez-vous attendre d&#8217;autre ? <\/a><\/strong> \u00bb<\/p>\n<hr \/>\n<p><img loading=\"lazy\" decoding=\"async\" class=\"aligncenter size-full wp-image-41\" src=\"https:\/\/www.expeditionkilimanjaro.com\/wp-content\/uploads\/2023\/02\/vliegen.jpg\" alt=\"\" width=\"646\" height=\"206\" \/><\/p>\n<h2><strong>Trouver les meilleurs vols<\/strong><\/h2>\n<p>Il existe de nombreuses fa\u00e7ons d&#8217;organiser votre voyage personnel \u00e0 destination et en provenance d&#8217;Arusha, en Tanzanie, le point de d\u00e9part de l&#8217;Exp\u00e9dition Kilimandjaro. Vous pouvez r\u00e9server des vols aller-retour de Paris ou d&#8217;Amsterdam (Air France-KLM) \u00e0 Dar Es Salaam ou directement \u00e0 l&#8217;a\u00e9roport international du Kilimandjaro pour environ 800 EUR.<\/p>\n<p>Pour le participant aventureux souhaitant \u00e9conomiser de l&#8217;argent, prenez un vol uniquement vers la capitale kenyane, Nairobi (vols aller-retour de 600 euros en moyenne), o\u00f9 un service de navette climatis\u00e9e est disponible pour le trajet d&#8217;une demi-journ\u00e9e de Nairobi \u00e0 Arusha pour seulement 70 USD (aller-retour).<\/p>\n<p><strong><a href=\"voler\">Plus d&#8217;informations sur le vol<\/a><\/strong> \u00bb<\/p>\n<hr \/>\n<blockquote>\n<h2><strong>Un groupe d&#8217;exp\u00e9dition se compose d&#8217;un maximum de 12 personnes. En cas de plus de 12 participants \u00e0 une m\u00eame date, le groupe peut \u00e9ventuellement \u00eatre divis\u00e9 en deux groupes.<\/strong><\/h2>\n<\/blockquote>\n<p>Vous pouvez d\u00e9cider du moment o\u00f9 vous souhaitez que votre exp\u00e9dition ait lieu. Vous pouvez partir seul ou avec votre propre groupe ou rejoindre l&#8217;un des groupes d&#8217;exp\u00e9dition qui partent cette saison :<\/p>\n<p><a name=\"agenda\"><\/a><\/p>\n<h1><b>Agenda Expedition Kilimanjaro groups 2025<\/b><\/h1>\n<p><em>La Tanzanie est actuellement ouverte aux touristes du monde entier qui sont enti\u00e8rement <a href=\"https:\/\/www.expeditionkilimanjaro.com\/preparation\/#vaccinations\">vaccin\u00e9s<\/a>. Il s&#8217;agit des vaccinations tropicales r\u00e9guli\u00e8res.<\/em><\/p>\n<table class=\"calendar\">\n<tbody>\n<tr>\n<th style=\"text-align: left;\" scope=\"row\">21 F\u00c9V &#8211; 3 MARS<\/th>\n<td>Exp\u00e9dition de f\u00e9vrier<span style=\"color: #ff0000;\">*<\/span><\/td>\n<\/tr>\n<tr>\n<th style=\"text-align: left;\" scope=\"row\">5 &#8211; 15 JUIN<\/th>\n<td>Exp\u00e9dition de juin<span style=\"color: #ff0000;\">*<\/span><br \/>\n<b><\/b><\/td>\n<\/tr>\n<tr>\n<th style=\"text-align: left;\" scope=\"row\">18 &#8211; 28 JUILLET<\/th>\n<td>Exp\u00e9dition de juillet<br \/>\n<b>Groupes d&#8217;\u00e9t\u00e9 parfaits<\/b><\/td>\n<\/tr>\n<tr>\n<th style=\"text-align: left;\" scope=\"row\">2 &#8211; 12 AO\u00dbT<\/th>\n<td>Exp\u00e9dition d&#8217;ao\u00fbt<span style=\"color: #ff0000;\">*<\/span><br \/>\n<b>1 participant r\u00e9serv\u00e9<\/b><\/td>\n<\/tr>\n<tr>\n<th style=\"text-align: left;\" scope=\"row\">1 &#8211; 11 SEPTEMBRE<\/th>\n<td>Exp\u00e9dition de septembre<span style=\"color: #ff0000;\">*<\/span><br \/>\n<b>2 participants r\u00e9serv\u00e9s<\/b><\/td>\n<\/tr>\n<tr>\n<th style=\"text-align: left;\" scope=\"row\">30 SEPTEMBRE &#8211; 10 OCTOBRE<\/th>\n<td>Exp\u00e9dition d&#8217;octobre<span style=\"color: #ff0000;\">*<\/span><br \/>\n<b><\/b><\/td>\n<\/tr>\n<tr>\n<th style=\"text-align: left;\" scope=\"row\">25 D\u00c9CEMBRE &#8211; 4 JANVIER 2026<\/th>\n<td>Exp\u00e9dition du Nouvel An<span style=\"color: #ff0000;\"><\/span><br \/>\n<b>Nouvel An au sommet !<\/b><\/td>\n<\/tr>\n<\/tbody>\n<\/table>\n<p><span style=\"color: #ff0000;\"><b>*<\/b><\/span><span style=\"color: #ff0000;\"> = mont\u00e9e \u00e0 la pleine lune<\/span><\/p>\n<h1><b><a href=\"https:\/\/www.expeditionkilimanjaro.com\/fr\/prix-dates\/#reservation\">R\u00e9servez votre Exp\u00e9dition Kilimanjaro ici!<\/a><\/b><\/h1>\n<p>N&#8217;oubliez pas que vous \u00eates \u00e9galement libre de choisir votre propre date. Le prix reste le m\u00eame !<\/p>\n<hr \/>\n<h1>Ajoutez un safari \u00e0 votre exp\u00e9dition!<\/h1>\n<p><img loading=\"lazy\" decoding=\"async\" class=\"aligncenter wp-image-42\" src=\"https:\/\/www.expeditionkilimanjaro.com\/wp-content\/uploads\/2023\/02\/safari-serengeti.jpg\" alt=\"\" width=\"825\" height=\"486\" \/><\/p>\n<p>Il est m\u00eame possible d&#8217;ajouter un safari exceptionnel \u00e0 votre Exp\u00e9dition Kilimandjaro ! Pour cela, choisissez entre une excursion d&#8217;une journ\u00e9e ou des s\u00e9jours de 2 \u00e0 m\u00eame 6 jours dans les parcs nationaux de Tanzanie. <strong><a href=\"https:\/\/www.expeditionkilimanjaro.com\/fr\/safari\">Voir ici toutes les options de Safari!<\/a> &#8220;<\/strong><\/p>\n","protected":false},"excerpt":{"rendered":"<p>L&#8217;ascension du Mont Kilimandjaro en Tanzanie est vraiment une exp\u00e9rience m\u00e9morable. Le mont Kilimandjaro s&#8217;\u00e9l\u00e8ve majestueusement de la for\u00eat tropicale du nord-est de la Tanzanie jusqu&#8217;\u00e0 son sommet immacul\u00e9, couvert de neige&#8230;<\/p>\n","protected":false},"author":1,"featured_media":0,"parent":0,"menu_order":0,"comment_status":"closed","ping_status":"open","template":"","meta":{"footnotes":""},"class_list":["post-2","page","type-page","status-publish","hentry"],"yoast_head":"<!-- This site is optimized with the Yoast SEO plugin v27.5 - https:\/\/yoast.com\/product\/yoast-seo-wordpress\/ -->\n<title>Escalader le Mont KilimandjaroL&#039;aventure de votre vie ! | Exp\u00e9dition Kilimandjaro - l&#039;aventure de votre vie<\/title>\n<meta name=\"description\" content=\"Trek de 11 jours sur le mont Kilimandjaro comprenant 4 nuits d&#039;h\u00f4tel et tous les transports pour seulement 1 999 $ par personne.\" \/>\n<meta name=\"robots\" content=\"index, follow, max-snippet:-1, max-image-preview:large, max-video-preview:-1\" \/>\n<link rel=\"canonical\" href=\"https:\/\/expeditionkilimanjaro.com\/fr\/\" \/>\n<meta property=\"og:locale\" content=\"en_GB\" \/>\n<meta property=\"og:type\" content=\"article\" \/>\n<meta property=\"og:title\" content=\"Escalader le Mont KilimandjaroL&#039;aventure de votre vie ! | Exp\u00e9dition Kilimandjaro - l&#039;aventure de votre vie\" \/>\n<meta property=\"og:description\" content=\"Trek de 11 jours sur le mont Kilimandjaro comprenant 4 nuits d&#039;h\u00f4tel et tous les transports pour seulement 1 999 $ par personne.\" \/>\n<meta property=\"og:url\" content=\"https:\/\/expeditionkilimanjaro.com\/fr\/\" \/>\n<meta property=\"og:site_name\" content=\"Exp\u00e9dition Kilimandjaro - l&#039;aventure de votre vie\" \/>\n<meta property=\"article:publisher\" content=\"https:\/\/www.facebook.com\/ExpeditionKilimanjaro\" \/>\n<meta property=\"article:modified_time\" content=\"2025-01-08T20:46:30+00:00\" \/>\n<meta property=\"og:image\" content=\"https:\/\/expeditionkilimanjaro.com\/fr\/wp-content\/uploads\/2024\/01\/mountainguides-french.jpg\" \/>\n\t<meta property=\"og:image:width\" content=\"901\" \/>\n\t<meta property=\"og:image:height\" content=\"507\" \/>\n\t<meta property=\"og:image:type\" content=\"image\/jpeg\" \/>\n<meta name=\"twitter:card\" content=\"summary_large_image\" \/>\n<meta name=\"twitter:label1\" content=\"Estimated reading time\" \/>\n\t<meta name=\"twitter:data1\" content=\"5 minutes\" \/>\n<script type=\"application\/ld+json\" class=\"yoast-schema-graph\">{\"@context\":\"https:\\\/\\\/schema.org\",\"@graph\":[{\"@type\":\"WebPage\",\"@id\":\"https:\\\/\\\/expeditionkilimanjaro.com\\\/fr\\\/\",\"url\":\"https:\\\/\\\/expeditionkilimanjaro.com\\\/fr\\\/\",\"name\":\"Escalader le Mont Kilimandjaro L'aventure de votre vie ! | Exp\u00e9dition Kilimandjaro - l&#039;aventure de votre vie\",\"isPartOf\":{\"@id\":\"https:\\\/\\\/expeditionkilimanjaro.com\\\/fr\\\/#website\"},\"primaryImageOfPage\":{\"@id\":\"https:\\\/\\\/expeditionkilimanjaro.com\\\/fr\\\/#primaryimage\"},\"image\":{\"@id\":\"https:\\\/\\\/expeditionkilimanjaro.com\\\/fr\\\/#primaryimage\"},\"thumbnailUrl\":\"https:\\\/\\\/expeditionkilimanjaro.com\\\/fr\\\/wp-content\\\/uploads\\\/2024\\\/01\\\/mountainguides-french.jpg\",\"datePublished\":\"2023-02-26T11:47:46+00:00\",\"dateModified\":\"2025-01-08T20:46:30+00:00\",\"description\":\"Trek de 11 jours sur le mont Kilimandjaro comprenant 4 nuits d'h\u00f4tel et tous les transports pour seulement 1 999 $ par personne.\",\"breadcrumb\":{\"@id\":\"https:\\\/\\\/expeditionkilimanjaro.com\\\/fr\\\/#breadcrumb\"},\"inLanguage\":\"en-GB\",\"potentialAction\":[{\"@type\":\"ReadAction\",\"target\":[\"https:\\\/\\\/expeditionkilimanjaro.com\\\/fr\\\/\"]}]},{\"@type\":\"ImageObject\",\"inLanguage\":\"en-GB\",\"@id\":\"https:\\\/\\\/expeditionkilimanjaro.com\\\/fr\\\/#primaryimage\",\"url\":\"https:\\\/\\\/expeditionkilimanjaro.com\\\/fr\\\/wp-content\\\/uploads\\\/2024\\\/01\\\/mountainguides-french.jpg\",\"contentUrl\":\"https:\\\/\\\/expeditionkilimanjaro.com\\\/fr\\\/wp-content\\\/uploads\\\/2024\\\/01\\\/mountainguides-french.jpg\",\"width\":901,\"height\":507},{\"@type\":\"BreadcrumbList\",\"@id\":\"https:\\\/\\\/expeditionkilimanjaro.com\\\/fr\\\/#breadcrumb\",\"itemListElement\":[{\"@type\":\"ListItem\",\"position\":1,\"name\":\"Home\",\"item\":\"https:\\\/\\\/expeditionkilimanjaro.com\\\/fr\\\/\"},{\"@type\":\"ListItem\",\"position\":2,\"name\":\"Escalader le Mont KilimandjaroL&#8217;aventure de votre vie !\"}]},{\"@type\":\"WebSite\",\"@id\":\"https:\\\/\\\/expeditionkilimanjaro.com\\\/fr\\\/#website\",\"url\":\"https:\\\/\\\/expeditionkilimanjaro.com\\\/fr\\\/\",\"name\":\"Exp\u00e9dition Kilimandjaro\",\"description\":\"Trek de 11 jours pour 1999 $ - Ramon Stoppelenburg organise l&#039;aventure d&#039;une vie !\",\"publisher\":{\"@id\":\"https:\\\/\\\/expeditionkilimanjaro.com\\\/fr\\\/#organization\"},\"alternateName\":\"L'aventure de Votre Vie!\",\"potentialAction\":[{\"@type\":\"SearchAction\",\"target\":{\"@type\":\"EntryPoint\",\"urlTemplate\":\"https:\\\/\\\/expeditionkilimanjaro.com\\\/fr\\\/?s={search_term_string}\"},\"query-input\":{\"@type\":\"PropertyValueSpecification\",\"valueRequired\":true,\"valueName\":\"search_term_string\"}}],\"inLanguage\":\"en-GB\"},{\"@type\":\"Organization\",\"@id\":\"https:\\\/\\\/expeditionkilimanjaro.com\\\/fr\\\/#organization\",\"name\":\"Expedition Kilimanjaro\",\"url\":\"https:\\\/\\\/expeditionkilimanjaro.com\\\/fr\\\/\",\"logo\":{\"@type\":\"ImageObject\",\"inLanguage\":\"en-GB\",\"@id\":\"https:\\\/\\\/expeditionkilimanjaro.com\\\/fr\\\/#\\\/schema\\\/logo\\\/image\\\/\",\"url\":\"https:\\\/\\\/expeditionkilimanjaro.com\\\/fr\\\/wp-content\\\/uploads\\\/2023\\\/02\\\/logo-fr.png\",\"contentUrl\":\"https:\\\/\\\/expeditionkilimanjaro.com\\\/fr\\\/wp-content\\\/uploads\\\/2023\\\/02\\\/logo-fr.png\",\"width\":517,\"height\":185,\"caption\":\"Expedition Kilimanjaro\"},\"image\":{\"@id\":\"https:\\\/\\\/expeditionkilimanjaro.com\\\/fr\\\/#\\\/schema\\\/logo\\\/image\\\/\"},\"sameAs\":[\"https:\\\/\\\/www.facebook.com\\\/ExpeditionKilimanjaro\",\"https:\\\/\\\/www.linkedin.com\\\/company\\\/77093058\\\/\"]}]}<\/script>\n<!-- \/ Yoast SEO plugin. -->","yoast_head_json":{"title":"Escalader le Mont KilimandjaroL'aventure de votre vie ! | Exp\u00e9dition Kilimandjaro - l&#039;aventure de votre vie","description":"Trek de 11 jours sur le mont Kilimandjaro comprenant 4 nuits d'h\u00f4tel et tous les transports pour seulement 1 999 $ par personne.","robots":{"index":"index","follow":"follow","max-snippet":"max-snippet:-1","max-image-preview":"max-image-preview:large","max-video-preview":"max-video-preview:-1"},"canonical":"https:\/\/expeditionkilimanjaro.com\/fr\/","og_locale":"en_GB","og_type":"article","og_title":"Escalader le Mont KilimandjaroL'aventure de votre vie ! | Exp\u00e9dition Kilimandjaro - l&#039;aventure de votre vie","og_description":"Trek de 11 jours sur le mont Kilimandjaro comprenant 4 nuits d'h\u00f4tel et tous les transports pour seulement 1 999 $ par personne.","og_url":"https:\/\/expeditionkilimanjaro.com\/fr\/","og_site_name":"Exp\u00e9dition Kilimandjaro - l&#039;aventure de votre vie","article_publisher":"https:\/\/www.facebook.com\/ExpeditionKilimanjaro","article_modified_time":"2025-01-08T20:46:30+00:00","og_image":[{"width":901,"height":507,"url":"https:\/\/expeditionkilimanjaro.com\/fr\/wp-content\/uploads\/2024\/01\/mountainguides-french.jpg","type":"image\/jpeg"}],"twitter_card":"summary_large_image","twitter_misc":{"Estimated reading time":"5 minutes"},"schema":{"@context":"https:\/\/schema.org","@graph":[{"@type":"WebPage","@id":"https:\/\/expeditionkilimanjaro.com\/fr\/","url":"https:\/\/expeditionkilimanjaro.com\/fr\/","name":"Escalader le Mont Kilimandjaro L'aventure de votre vie ! | Exp\u00e9dition Kilimandjaro - l&#039;aventure de votre vie","isPartOf":{"@id":"https:\/\/expeditionkilimanjaro.com\/fr\/#website"},"primaryImageOfPage":{"@id":"https:\/\/expeditionkilimanjaro.com\/fr\/#primaryimage"},"image":{"@id":"https:\/\/expeditionkilimanjaro.com\/fr\/#primaryimage"},"thumbnailUrl":"https:\/\/expeditionkilimanjaro.com\/fr\/wp-content\/uploads\/2024\/01\/mountainguides-french.jpg","datePublished":"2023-02-26T11:47:46+00:00","dateModified":"2025-01-08T20:46:30+00:00","description":"Trek de 11 jours sur le mont Kilimandjaro comprenant 4 nuits d'h\u00f4tel et tous les transports pour seulement 1 999 $ par personne.","breadcrumb":{"@id":"https:\/\/expeditionkilimanjaro.com\/fr\/#breadcrumb"},"inLanguage":"en-GB","potentialAction":[{"@type":"ReadAction","target":["https:\/\/expeditionkilimanjaro.com\/fr\/"]}]},{"@type":"ImageObject","inLanguage":"en-GB","@id":"https:\/\/expeditionkilimanjaro.com\/fr\/#primaryimage","url":"https:\/\/expeditionkilimanjaro.com\/fr\/wp-content\/uploads\/2024\/01\/mountainguides-french.jpg","contentUrl":"https:\/\/expeditionkilimanjaro.com\/fr\/wp-content\/uploads\/2024\/01\/mountainguides-french.jpg","width":901,"height":507},{"@type":"BreadcrumbList","@id":"https:\/\/expeditionkilimanjaro.com\/fr\/#breadcrumb","itemListElement":[{"@type":"ListItem","position":1,"name":"Home","item":"https:\/\/expeditionkilimanjaro.com\/fr\/"},{"@type":"ListItem","position":2,"name":"Escalader le Mont KilimandjaroL&#8217;aventure de votre vie !"}]},{"@type":"WebSite","@id":"https:\/\/expeditionkilimanjaro.com\/fr\/#website","url":"https:\/\/expeditionkilimanjaro.com\/fr\/","name":"Exp\u00e9dition Kilimandjaro","description":"Trek de 11 jours pour 1999 $ - Ramon Stoppelenburg organise l&#039;aventure d&#039;une vie !","publisher":{"@id":"https:\/\/expeditionkilimanjaro.com\/fr\/#organization"},"alternateName":"L'aventure de Votre Vie!","potentialAction":[{"@type":"SearchAction","target":{"@type":"EntryPoint","urlTemplate":"https:\/\/expeditionkilimanjaro.com\/fr\/?s={search_term_string}"},"query-input":{"@type":"PropertyValueSpecification","valueRequired":true,"valueName":"search_term_string"}}],"inLanguage":"en-GB"},{"@type":"Organization","@id":"https:\/\/expeditionkilimanjaro.com\/fr\/#organization","name":"Expedition Kilimanjaro","url":"https:\/\/expeditionkilimanjaro.com\/fr\/","logo":{"@type":"ImageObject","inLanguage":"en-GB","@id":"https:\/\/expeditionkilimanjaro.com\/fr\/#\/schema\/logo\/image\/","url":"https:\/\/expeditionkilimanjaro.com\/fr\/wp-content\/uploads\/2023\/02\/logo-fr.png","contentUrl":"https:\/\/expeditionkilimanjaro.com\/fr\/wp-content\/uploads\/2023\/02\/logo-fr.png","width":517,"height":185,"caption":"Expedition Kilimanjaro"},"image":{"@id":"https:\/\/expeditionkilimanjaro.com\/fr\/#\/schema\/logo\/image\/"},"sameAs":["https:\/\/www.facebook.com\/ExpeditionKilimanjaro","https:\/\/www.linkedin.com\/company\/77093058\/"]}]}},"_links":{"self":[{"href":"https:\/\/expeditionkilimanjaro.com\/fr\/wp-json\/wp\/v2\/pages\/2","targetHints":{"allow":["GET"]}}],"collection":[{"href":"https:\/\/expeditionkilimanjaro.com\/fr\/wp-json\/wp\/v2\/pages"}],"about":[{"href":"https:\/\/expeditionkilimanjaro.com\/fr\/wp-json\/wp\/v2\/types\/page"}],"author":[{"embeddable":true,"href":"https:\/\/expeditionkilimanjaro.com\/fr\/wp-json\/wp\/v2\/users\/1"}],"replies":[{"embeddable":true,"href":"https:\/\/expeditionkilimanjaro.com\/fr\/wp-json\/wp\/v2\/comments?post=2"}],"version-history":[{"count":23,"href":"https:\/\/expeditionkilimanjaro.com\/fr\/wp-json\/wp\/v2\/pages\/2\/revisions"}],"predecessor-version":[{"id":235,"href":"https:\/\/expeditionkilimanjaro.com\/fr\/wp-json\/wp\/v2\/pages\/2\/revisions\/235"}],"wp:attachment":[{"href":"https:\/\/expeditionkilimanjaro.com\/fr\/wp-json\/wp\/v2\/media?parent=2"}],"curies":[{"name":"wp","href":"https:\/\/api.w.org\/{rel}","templated":true}]}}