{"id":62,"date":"2023-03-10T09:12:15","date_gmt":"2023-03-10T09:12:15","guid":{"rendered":"https:\/\/expeditionkilimanjaro.com\/fr\/?page_id=62"},"modified":"2023-03-10T09:28:08","modified_gmt":"2023-03-10T09:28:08","slug":"itineraire","status":"publish","type":"page","link":"https:\/\/expeditionkilimanjaro.com\/fr\/itineraire\/","title":{"rendered":"L&#8217;itin\u00e9raire<BR> de l&#8217;Exp\u00e9dition Kilimanjaro"},"content":{"rendered":"<p><a name=\"top\"><\/a>Via GoogleMaps vous pouvez d\u00e9j\u00e0 avoir une belle vue a\u00e9rienne du Kilimandjaro. Par commodit\u00e9, j&#8217;ai d\u00e9j\u00e0 zoom\u00e9 sur le camp de Barafu, la derni\u00e8re \u00e9tape avant l&#8217;ascension du sommet. Utilise les boutons de navigation pour zoomer et d\u00e9zoomer.<\/p>\n<h2>Le Kilimandjaro vu du ciel<\/h2>\n<p><iframe loading=\"lazy\" style=\"border : 0;\" src=\"https:\/\/www.google.com\/maps\/embed?pb=!1m14!1m12!1m3!1d800.06829664509!2d37.37830115275767!3d-3.099192913786804!2m3!1f0!2f0!3f0!3m2!1i1024!2i768!4f13.1!5e1!3m2!1sen!2 snl!4v1654092121469!5m2!1sen!2snl\" width=\"850\" height=\"450\" allowfullscreen=\"allowfullscreen\"><\/iframe><\/p>\n<h2>L&#8217;Exp\u00e9dition Kilimamanjaro suit la route Machame<\/h2>\n<p>J&#8217;ai choisi la <strong>route Machame<\/strong> pour ce trek car c&#8217;est la route la plus d\u00e9tendue o\u00f9 l&#8217;on prend \u00e9galement beaucoup de temps pour permettre \u00e0 votre corps de s&#8217;acclimater \u00e0 l&#8217;altitude.<\/p>\n<p>En suivant l&#8217;itin\u00e9raire Machame de 7 jours, vous augmentez vos chances d&#8217;atteindre le sommet.<\/p>\n<p><strong>L&#8217;image ci-dessous montre l&#8217;itin\u00e9raire de la route Machame :<\/strong><\/p>\n<p><center><img decoding=\"async\" class=\"wp-image-2962\" src=\"https:\/\/www.expeditiekilimanjaro.nl\/wp-content\/uploads\/2022\/06\/Kilimanjaro_machame_route.jpg\" alt=\"\" \/><\/center><\/p>\n<h1>Exp\u00e9dition Kilimanjaro : jour par jour<\/h1>\n<p>Vous trouverez ci-dessous le programme jour par jour de l&#8217;aventure d&#8217;une vie.<\/p>\n<h2>En bref:<\/h2>\n<p><center><img loading=\"lazy\" decoding=\"async\" class=\"aligncenter size-full wp-image-49\" src=\"https:\/\/www.expeditionkilimanjaro.com\/wp-content\/uploads\/2023\/02\/day-by-day.jpg\" alt=\"\" width=\"591\" height=\"553\" \/><\/center><\/p>\n<hr \/>\n<h2>De mani\u00e8re g\u00e9n\u00e9rale, vous vivrez l&#8217;aventure suivante:<\/h2>\n<p><strong>Jour 1 : Arriv\u00e9e \u00e0 Arusha, Tanzanie<\/strong><br \/>\nVous atterrissez en avion \u00e0 l&#8217;a\u00e9roport international du Kilimandjaro \u00e0 n&#8217;importe quelle heure de la journ\u00e9e (voir la page sur <strong><a href=\"https:\/\/expeditionkilimanjaro.com\/fr\/voler\">voler<\/a><\/strong>). Le chauffeur de l&#8217;h\u00f4tel viendra vous chercher \u00e0 votre heure d&#8217;arriv\u00e9e et vous conduira \u00e0 l&#8217;h\u00f4tel. D\u00eener \u00e0 l&#8217;h\u00f4tel.<\/p>\n<p><strong>Jour 2 : Arusha<\/strong><br \/>\nC&#8217;est une journ\u00e9e libre, que vous pouvez passer \u00e0 l&#8217;h\u00f4tel ou dans les rues de l&#8217;agr\u00e9able ville d&#8217;Arusha. J&#8217;ai pr\u00e9vu cette journ\u00e9e suppl\u00e9mentaire pour les impr\u00e9vus (vos bagages ont pu \u00eatre retard\u00e9s ou votre vol a \u00e9t\u00e9 retard\u00e9) et pour que tout le monde puisse bien commencer l&#8217;exp\u00e9dition le lendemain.<\/p>\n<p>Ce deuxi\u00e8me jour, vous rencontrerez \u00e9galement votre guide (ou vos guides dans le cas d&#8217;un groupe plus important) qui dirigera l&#8217;ensemble de l&#8217;exp\u00e9dition. Il vous pr\u00e9parera pour la semaine \u00e0 venir avec un briefing n\u00e9cessaire et r\u00e9pondra \u00e0 toutes les questions que vous pourriez avoir \u00e0 ce moment-l\u00e0.<\/p>\n<p><img decoding=\"async\" src=\"http:\/\/expeditiekilimanjaro.nl\/welkom\/fotogalerij\/8.jpg\" \/><\/p>\n<p><strong>Jour 3 : De Machame Gate (1634m) \u00e0 Machame Camp (2834m):<\/strong><br \/>\nAujourd&#8217;hui, l&#8217;exp\u00e9dition commence vraiment. Le chauffeur vous conduira \u00e0 l&#8217;entr\u00e9e du parc national du Kilimandjaro, \u00e0 Machame Gate. Ici, tout le monde doit s&#8217;enregistrer et le guide s\u00e9lectionne les porteurs qui porteront tout le mat\u00e9riel (tentes, cuisine, nourriture et boisson ainsi que vos bagages) en haut de la montagne.<\/p>\n<p><img decoding=\"async\" src=\"http:\/\/expeditiekilimanjaro.nl\/welkom\/fotogalerij\/31.jpg\" \/><\/p>\n<p>Cela commence par une belle marche tranquille \u00e0 travers la for\u00eat tropicale. En chemin, vous pourrez d\u00e9j\u00e0 apercevoir des singes colobes et des oiseaux sauvages. En fin d&#8217;apr\u00e8s-midi, vous arrivez au camp Machame, o\u00f9 les tentes sont d\u00e9j\u00e0 install\u00e9es et o\u00f9 des snacks et des boissons chaudes vous attendent. Le soir, le d\u00eener sera pr\u00e9par\u00e9. Pour les six prochaines nuits, vous passerez la nuit dans une tente double.<\/p>\n<p><img decoding=\"async\" src=\"http:\/\/expeditiekilimanjaro.nl\/welkom\/fotogalerij\/10.jpg\" \/><\/p>\n<p><strong>Jour 4 : Du camp de Machame (2834m) au camp de Shira (3749m):<\/strong><br \/>\nDepuis le camp de Machame, apr\u00e8s un petit d\u00e9jeuner copieux, vous partirez \u00e0 travers les nombreuses cr\u00eates du Kilimandjaro jusqu&#8217;au bord de l&#8217;ancien volcan Shira. Ce jour-l\u00e0, vous appr\u00e9cierez les vues car, par beau temps, vous verrez non seulement le Kilimandjaro briller au soleil, mais aussi la couverture nuageuse qui entoure la for\u00eat tropicale en dessous de vous. Vous arriverez au camp de Shira en fin d&#8217;apr\u00e8s-midi.<\/p>\n<p><img decoding=\"async\" src=\"http:\/\/expeditiekilimanjaro.nl\/welkom\/fotogalerij\/15.jpg\" \/><\/p>\n<p><strong>Jour 5 : Du camp de Shira (3749m) au camp de Barranco (3901m):<\/strong><br \/>\nDepuis le camp de Shira aujourd&#8217;hui, vous marcherez jusqu&#8217;\u00e0 la tour de lave (jusqu&#8217;\u00e0 4572m !) pour vous habituer \u00e0 l&#8217;altitude, puis vous redescendrez lentement jusqu&#8217;au camp de Barranco avec le grand mur de Barranco en arri\u00e8re-plan. De cette fa\u00e7on, le corps s&#8217;acclimate \u00e0 l&#8217;altitude. Aujourd&#8217;hui, il y aura beaucoup de marche pour les sens et vous serez heureux lorsque vous atteindrez le camp de tentes en fin d&#8217;apr\u00e8s-midi.<\/p>\n<p><img decoding=\"async\" src=\"http:\/\/expeditiekilimanjaro.nl\/welkom\/fotogalerij\/17.jpg\" \/><\/p>\n<p><strong>Jour 6 : Du camp de Barranco (3900m) au camp de Karanga (3963m):<\/strong><br \/>\nDepuis le camp de Barranco, vous escaladez le mur de Barranco. \u00c0 premi\u00e8re vue, une entreprise impossible quand on voit ce mur de racines de 300 m\u00e8tres de haut, mais de pr\u00e8s et une fois grimp\u00e9, ce n&#8217;est pas si mal. Une fois au sommet, les vues sont incomparables et quelques heures de randonn\u00e9e sur des collines ondulantes jusqu&#8217;au camp de Karanga s&#8217;ensuivent. \u00c0 la fin de la journ\u00e9e de l&#8217;apr\u00e8s-midi, vous y serez d\u00e9j\u00e0 !<\/p>\n<p><img decoding=\"async\" src=\"http:\/\/expeditiekilimanjaro.nl\/welkom\/fotogalerij\/22.jpg\" \/><\/p>\n<p><strong>Jour 7 : Du camp de Karanga (3963m) au camp de Barafu (4600m):<\/strong><br \/>\nAujourd&#8217;hui suit une randonn\u00e9e plus courte que les jours pr\u00e9c\u00e9dents. Vous \u00eates arriv\u00e9s sur le c\u00f4t\u00e9 est du Kilimandjaro o\u00f9 vous atteindrez le dernier camp en d\u00e9but d&#8217;apr\u00e8s-midi. Aujourd&#8217;hui est le meilleur jour pour se reposer et se d\u00e9tendre car la journ\u00e9e n&#8217;est pas encore termin\u00e9e. Apr\u00e8s un d\u00eener matinal, vous devriez d\u00e9j\u00e0 vous endormir et vous devrez repartir en randonn\u00e9e t\u00f4t le lendemain matin, ou m\u00eame vers minuit ( !).<\/p>\n<p><img decoding=\"async\" src=\"http:\/\/expeditiekilimanjaro.nl\/welkom\/fotogalerij\/27.jpg\" \/><\/p>\n<p><strong>Jour 8 : Du camp de Barafu (4600m) au sommet (5896m) puis descente au camp de Mweka (3100m):<\/strong>.<br \/>\nLa derni\u00e8re grande randonn\u00e9e en montagne commence t\u00f4t aujourd&#8217;hui, probablement m\u00eame apr\u00e8s minuit, au petit matin. La derni\u00e8re mont\u00e9e de 1100m d&#8217;altitude en un peu plus de 3km de marche vous prendra environ 6-8 heures, pour atteindre le sommet et admirer le lever du soleil sur la vall\u00e9e du Grand Rift ! Woohoo ! Apr\u00e8s avoir observ\u00e9 le lever du soleil et pris de nombreuses photos, une descente difficile s&#8217;ensuit, d&#8217;abord jusqu&#8217;au camp de Barafu (d\u00e9jeuner et repos de quelques heures), puis jusqu&#8217;au camp de Mweka, juste en dessous de la limite des arbres. Vous marcherez environ 10 \u00e0 14 heures aujourd&#8217;hui, mais&#8230; cela en vaudra la peine !<\/p>\n<p><img decoding=\"async\" src=\"http:\/\/expeditiekilimanjaro.nl\/welkom\/fotogalerij\/28.jpg\" \/><\/p>\n<p><strong>Jour 9 : Du camp de Mweka (3100 m\/10170 ft) \u00e0 la porte de Mweka (1828 m\/6000 m):<\/strong><br \/>\nPour ce dernier jour, nous marcherons \u00e0 nouveau \u00e0 travers la for\u00eat luxuriante, puis nous reviendrons \u00e0 travers la for\u00eat tropicale parfois brumeuse. Au cours de cette randonn\u00e9e de 3 \u00e0 4 heures, vous d\u00e9jeunerez en chemin avant d&#8217;atteindre la &#8220;sortie&#8221;. Ici, chaque participant doit signer pour quitter le parc national du Kilimandjaro. Le chauffeur de l&#8217;h\u00f4tel attendra tout le monde et vous ram\u00e8nera de Mweka Gate \u00e0 l&#8217;h\u00f4tel \u00e0 Arusha.<\/p>\n<p><img decoding=\"async\" src=\"http:\/\/expeditiekilimanjaro.nl\/welkom\/fotogalerij\/34.jpg\" \/><\/p>\n<p>L&#8217;exp\u00e9dition est termin\u00e9e et vous pouvez prendre une bonne douche chaude \u00e0 l&#8217;h\u00f4tel, visiter des toilettes normales, faire laver vos v\u00eatements et vous remettre compl\u00e8tement d&#8217;une tr\u00e8s belle exp\u00e9rience.<\/p>\n<p><strong>Jour 10 : Arusha<\/strong><br \/>\nPour ce dernier jour \u00e0 Arusha, vous sentirez encore un peu vos muscles et un long voyage en bus ou en avion n&#8217;est donc pas recommand\u00e9 pour tout le monde pendant un certain temps. Petit d\u00e9jeuner buffet \u00e0 l&#8217;h\u00f4tel. Profitez encore une fois d&#8217;Arusha, partez \u00e0 la chasse aux souvenirs ou <strong><a href=\"http:\/\/safari\">partez pour un autre safari<\/a><\/strong>, ou partez pour une excursion culturelle d&#8217;une journ\u00e9e en passant par des villages traditionnels et en visitant des projets d&#8217;\u00e9cole.<\/p>\n<p><img loading=\"lazy\" decoding=\"async\" class=\"\" src=\"https:\/\/www.expeditiekilimanjaro.nl\/wp-content\/uploads\/2023\/02\/safari-serengeti.jpg\" width=\"881\" height=\"519\" \/><\/p>\n<p><strong>Jour 11 : D\u00e9part<\/strong><br \/>\nAujourd&#8217;hui, c&#8217;est le jour o\u00f9 tout doit arriver. Saluez cette immense montagne avant que le chauffeur ne vous emm\u00e8ne \u00e0 l&#8217;a\u00e9roport, ou aux portes de d\u00e9part des navettes pour Dar Es Salaam ou Nairobi. Avant m\u00eame de vous en rendre compte, vous serez de retour \u00e0 la maison !<\/p>\n<p><img decoding=\"async\" src=\"http:\/\/expeditiekilimanjaro.nl\/welkom\/fotogalerij\/37.jpg\" \/><\/p>\n<p><a href=\"#top\"><img loading=\"lazy\" decoding=\"async\" class=\" wp-image-3368 aligncenter\" src=\"https:\/\/www.expeditiekilimanjaro.nl\/wp-content\/uploads\/2023\/02\/icon-256x256-1.png\" alt=\"\" width=\"49\" height=\"49\" \/><\/a><\/p>\n","protected":false},"excerpt":{"rendered":"<p>Via GoogleMaps vous pouvez d\u00e9j\u00e0 avoir une belle vue a\u00e9rienne du Kilimandjaro. Par commodit\u00e9, j&#8217;ai d\u00e9j\u00e0 zoom\u00e9 sur le camp de Barafu, la derni\u00e8re \u00e9tape avant l&#8217;ascension du sommet. Utilise les boutons&#8230;<\/p>\n","protected":false},"author":1,"featured_media":0,"parent":0,"menu_order":0,"comment_status":"closed","ping_status":"closed","template":"","meta":{"footnotes":""},"class_list":["post-62","page","type-page","status-publish","hentry"],"yoast_head":"<!-- This site is optimized with the Yoast SEO plugin v27.5 - https:\/\/yoast.com\/product\/yoast-seo-wordpress\/ -->\n<title>L&#039;itin\u00e9raire de l&#039;Exp\u00e9dition Kilimanjaro | Exp\u00e9dition Kilimandjaro - l&#039;aventure de votre vie<\/title>\n<meta name=\"robots\" content=\"index, follow, max-snippet:-1, max-image-preview:large, max-video-preview:-1\" \/>\n<link rel=\"canonical\" href=\"https:\/\/expeditionkilimanjaro.com\/fr\/itineraire\/\" \/>\n<meta property=\"og:locale\" content=\"en_GB\" \/>\n<meta property=\"og:type\" content=\"article\" \/>\n<meta property=\"og:title\" content=\"L&#039;itin\u00e9raire de l&#039;Exp\u00e9dition Kilimanjaro | Exp\u00e9dition Kilimandjaro - l&#039;aventure de votre vie\" \/>\n<meta property=\"og:description\" content=\"Via GoogleMaps vous pouvez d\u00e9j\u00e0 avoir une belle vue a\u00e9rienne du Kilimandjaro. Par commodit\u00e9, j&#8217;ai d\u00e9j\u00e0 zoom\u00e9 sur le camp de Barafu, la derni\u00e8re \u00e9tape avant l&#8217;ascension du sommet. Utilise les boutons...\" \/>\n<meta property=\"og:url\" content=\"https:\/\/expeditionkilimanjaro.com\/fr\/itineraire\/\" \/>\n<meta property=\"og:site_name\" content=\"Exp\u00e9dition Kilimandjaro - l&#039;aventure de votre vie\" \/>\n<meta property=\"article:publisher\" content=\"https:\/\/www.facebook.com\/ExpeditionKilimanjaro\" \/>\n<meta property=\"article:modified_time\" content=\"2023-03-10T09:28:08+00:00\" \/>\n<meta property=\"og:image\" content=\"https:\/\/www.expeditiekilimanjaro.nl\/wp-content\/uploads\/2022\/06\/Kilimanjaro_machame_route.jpg\" \/>\n<meta name=\"twitter:card\" content=\"summary_large_image\" \/>\n<meta name=\"twitter:label1\" content=\"Estimated reading time\" \/>\n\t<meta name=\"twitter:data1\" content=\"6 minutes\" \/>\n<script type=\"application\/ld+json\" class=\"yoast-schema-graph\">{\"@context\":\"https:\\\/\\\/schema.org\",\"@graph\":[{\"@type\":\"WebPage\",\"@id\":\"https:\\\/\\\/expeditionkilimanjaro.com\\\/fr\\\/itineraire\\\/\",\"url\":\"https:\\\/\\\/expeditionkilimanjaro.com\\\/fr\\\/itineraire\\\/\",\"name\":\"L'itin\u00e9raire de l'Exp\u00e9dition Kilimanjaro | Exp\u00e9dition Kilimandjaro - l&#039;aventure de votre vie\",\"isPartOf\":{\"@id\":\"https:\\\/\\\/expeditionkilimanjaro.com\\\/fr\\\/#website\"},\"primaryImageOfPage\":{\"@id\":\"https:\\\/\\\/expeditionkilimanjaro.com\\\/fr\\\/itineraire\\\/#primaryimage\"},\"image\":{\"@id\":\"https:\\\/\\\/expeditionkilimanjaro.com\\\/fr\\\/itineraire\\\/#primaryimage\"},\"thumbnailUrl\":\"https:\\\/\\\/www.expeditiekilimanjaro.nl\\\/wp-content\\\/uploads\\\/2022\\\/06\\\/Kilimanjaro_machame_route.jpg\",\"datePublished\":\"2023-03-10T09:12:15+00:00\",\"dateModified\":\"2023-03-10T09:28:08+00:00\",\"breadcrumb\":{\"@id\":\"https:\\\/\\\/expeditionkilimanjaro.com\\\/fr\\\/itineraire\\\/#breadcrumb\"},\"inLanguage\":\"en-GB\",\"potentialAction\":[{\"@type\":\"ReadAction\",\"target\":[\"https:\\\/\\\/expeditionkilimanjaro.com\\\/fr\\\/itineraire\\\/\"]}]},{\"@type\":\"ImageObject\",\"inLanguage\":\"en-GB\",\"@id\":\"https:\\\/\\\/expeditionkilimanjaro.com\\\/fr\\\/itineraire\\\/#primaryimage\",\"url\":\"https:\\\/\\\/www.expeditiekilimanjaro.nl\\\/wp-content\\\/uploads\\\/2022\\\/06\\\/Kilimanjaro_machame_route.jpg\",\"contentUrl\":\"https:\\\/\\\/www.expeditiekilimanjaro.nl\\\/wp-content\\\/uploads\\\/2022\\\/06\\\/Kilimanjaro_machame_route.jpg\"},{\"@type\":\"BreadcrumbList\",\"@id\":\"https:\\\/\\\/expeditionkilimanjaro.com\\\/fr\\\/itineraire\\\/#breadcrumb\",\"itemListElement\":[{\"@type\":\"ListItem\",\"position\":1,\"name\":\"Home\",\"item\":\"https:\\\/\\\/expeditionkilimanjaro.com\\\/fr\\\/\"},{\"@type\":\"ListItem\",\"position\":2,\"name\":\"L&#8217;itin\u00e9raire&lt;BR&gt; de l&#8217;Exp\u00e9dition Kilimanjaro\"}]},{\"@type\":\"WebSite\",\"@id\":\"https:\\\/\\\/expeditionkilimanjaro.com\\\/fr\\\/#website\",\"url\":\"https:\\\/\\\/expeditionkilimanjaro.com\\\/fr\\\/\",\"name\":\"Exp\u00e9dition Kilimandjaro\",\"description\":\"Trek de 11 jours pour 1999 $ - Ramon Stoppelenburg organise l&#039;aventure d&#039;une vie !\",\"publisher\":{\"@id\":\"https:\\\/\\\/expeditionkilimanjaro.com\\\/fr\\\/#organization\"},\"alternateName\":\"L'aventure de Votre Vie!\",\"potentialAction\":[{\"@type\":\"SearchAction\",\"target\":{\"@type\":\"EntryPoint\",\"urlTemplate\":\"https:\\\/\\\/expeditionkilimanjaro.com\\\/fr\\\/?s={search_term_string}\"},\"query-input\":{\"@type\":\"PropertyValueSpecification\",\"valueRequired\":true,\"valueName\":\"search_term_string\"}}],\"inLanguage\":\"en-GB\"},{\"@type\":\"Organization\",\"@id\":\"https:\\\/\\\/expeditionkilimanjaro.com\\\/fr\\\/#organization\",\"name\":\"Expedition Kilimanjaro\",\"url\":\"https:\\\/\\\/expeditionkilimanjaro.com\\\/fr\\\/\",\"logo\":{\"@type\":\"ImageObject\",\"inLanguage\":\"en-GB\",\"@id\":\"https:\\\/\\\/expeditionkilimanjaro.com\\\/fr\\\/#\\\/schema\\\/logo\\\/image\\\/\",\"url\":\"https:\\\/\\\/expeditionkilimanjaro.com\\\/fr\\\/wp-content\\\/uploads\\\/2023\\\/02\\\/logo-fr.png\",\"contentUrl\":\"https:\\\/\\\/expeditionkilimanjaro.com\\\/fr\\\/wp-content\\\/uploads\\\/2023\\\/02\\\/logo-fr.png\",\"width\":517,\"height\":185,\"caption\":\"Expedition Kilimanjaro\"},\"image\":{\"@id\":\"https:\\\/\\\/expeditionkilimanjaro.com\\\/fr\\\/#\\\/schema\\\/logo\\\/image\\\/\"},\"sameAs\":[\"https:\\\/\\\/www.facebook.com\\\/ExpeditionKilimanjaro\",\"https:\\\/\\\/www.linkedin.com\\\/company\\\/77093058\\\/\"]}]}<\/script>\n<!-- \/ Yoast SEO plugin. -->","yoast_head_json":{"title":"L'itin\u00e9raire de l'Exp\u00e9dition Kilimanjaro | Exp\u00e9dition Kilimandjaro - l&#039;aventure de votre vie","robots":{"index":"index","follow":"follow","max-snippet":"max-snippet:-1","max-image-preview":"max-image-preview:large","max-video-preview":"max-video-preview:-1"},"canonical":"https:\/\/expeditionkilimanjaro.com\/fr\/itineraire\/","og_locale":"en_GB","og_type":"article","og_title":"L'itin\u00e9raire de l'Exp\u00e9dition Kilimanjaro | Exp\u00e9dition Kilimandjaro - l&#039;aventure de votre vie","og_description":"Via GoogleMaps vous pouvez d\u00e9j\u00e0 avoir une belle vue a\u00e9rienne du Kilimandjaro. Par commodit\u00e9, j&#8217;ai d\u00e9j\u00e0 zoom\u00e9 sur le camp de Barafu, la derni\u00e8re \u00e9tape avant l&#8217;ascension du sommet. Utilise les boutons...","og_url":"https:\/\/expeditionkilimanjaro.com\/fr\/itineraire\/","og_site_name":"Exp\u00e9dition Kilimandjaro - l&#039;aventure de votre vie","article_publisher":"https:\/\/www.facebook.com\/ExpeditionKilimanjaro","article_modified_time":"2023-03-10T09:28:08+00:00","og_image":[{"url":"https:\/\/www.expeditiekilimanjaro.nl\/wp-content\/uploads\/2022\/06\/Kilimanjaro_machame_route.jpg","type":"","width":"","height":""}],"twitter_card":"summary_large_image","twitter_misc":{"Estimated reading time":"6 minutes"},"schema":{"@context":"https:\/\/schema.org","@graph":[{"@type":"WebPage","@id":"https:\/\/expeditionkilimanjaro.com\/fr\/itineraire\/","url":"https:\/\/expeditionkilimanjaro.com\/fr\/itineraire\/","name":"L'itin\u00e9raire de l'Exp\u00e9dition Kilimanjaro | Exp\u00e9dition Kilimandjaro - l&#039;aventure de votre vie","isPartOf":{"@id":"https:\/\/expeditionkilimanjaro.com\/fr\/#website"},"primaryImageOfPage":{"@id":"https:\/\/expeditionkilimanjaro.com\/fr\/itineraire\/#primaryimage"},"image":{"@id":"https:\/\/expeditionkilimanjaro.com\/fr\/itineraire\/#primaryimage"},"thumbnailUrl":"https:\/\/www.expeditiekilimanjaro.nl\/wp-content\/uploads\/2022\/06\/Kilimanjaro_machame_route.jpg","datePublished":"2023-03-10T09:12:15+00:00","dateModified":"2023-03-10T09:28:08+00:00","breadcrumb":{"@id":"https:\/\/expeditionkilimanjaro.com\/fr\/itineraire\/#breadcrumb"},"inLanguage":"en-GB","potentialAction":[{"@type":"ReadAction","target":["https:\/\/expeditionkilimanjaro.com\/fr\/itineraire\/"]}]},{"@type":"ImageObject","inLanguage":"en-GB","@id":"https:\/\/expeditionkilimanjaro.com\/fr\/itineraire\/#primaryimage","url":"https:\/\/www.expeditiekilimanjaro.nl\/wp-content\/uploads\/2022\/06\/Kilimanjaro_machame_route.jpg","contentUrl":"https:\/\/www.expeditiekilimanjaro.nl\/wp-content\/uploads\/2022\/06\/Kilimanjaro_machame_route.jpg"},{"@type":"BreadcrumbList","@id":"https:\/\/expeditionkilimanjaro.com\/fr\/itineraire\/#breadcrumb","itemListElement":[{"@type":"ListItem","position":1,"name":"Home","item":"https:\/\/expeditionkilimanjaro.com\/fr\/"},{"@type":"ListItem","position":2,"name":"L&#8217;itin\u00e9raire&lt;BR&gt; de l&#8217;Exp\u00e9dition Kilimanjaro"}]},{"@type":"WebSite","@id":"https:\/\/expeditionkilimanjaro.com\/fr\/#website","url":"https:\/\/expeditionkilimanjaro.com\/fr\/","name":"Exp\u00e9dition Kilimandjaro","description":"Trek de 11 jours pour 1999 $ - Ramon Stoppelenburg organise l&#039;aventure d&#039;une vie !","publisher":{"@id":"https:\/\/expeditionkilimanjaro.com\/fr\/#organization"},"alternateName":"L'aventure de Votre Vie!","potentialAction":[{"@type":"SearchAction","target":{"@type":"EntryPoint","urlTemplate":"https:\/\/expeditionkilimanjaro.com\/fr\/?s={search_term_string}"},"query-input":{"@type":"PropertyValueSpecification","valueRequired":true,"valueName":"search_term_string"}}],"inLanguage":"en-GB"},{"@type":"Organization","@id":"https:\/\/expeditionkilimanjaro.com\/fr\/#organization","name":"Expedition Kilimanjaro","url":"https:\/\/expeditionkilimanjaro.com\/fr\/","logo":{"@type":"ImageObject","inLanguage":"en-GB","@id":"https:\/\/expeditionkilimanjaro.com\/fr\/#\/schema\/logo\/image\/","url":"https:\/\/expeditionkilimanjaro.com\/fr\/wp-content\/uploads\/2023\/02\/logo-fr.png","contentUrl":"https:\/\/expeditionkilimanjaro.com\/fr\/wp-content\/uploads\/2023\/02\/logo-fr.png","width":517,"height":185,"caption":"Expedition Kilimanjaro"},"image":{"@id":"https:\/\/expeditionkilimanjaro.com\/fr\/#\/schema\/logo\/image\/"},"sameAs":["https:\/\/www.facebook.com\/ExpeditionKilimanjaro","https:\/\/www.linkedin.com\/company\/77093058\/"]}]}},"_links":{"self":[{"href":"https:\/\/expeditionkilimanjaro.com\/fr\/wp-json\/wp\/v2\/pages\/62","targetHints":{"allow":["GET"]}}],"collection":[{"href":"https:\/\/expeditionkilimanjaro.com\/fr\/wp-json\/wp\/v2\/pages"}],"about":[{"href":"https:\/\/expeditionkilimanjaro.com\/fr\/wp-json\/wp\/v2\/types\/page"}],"author":[{"embeddable":true,"href":"https:\/\/expeditionkilimanjaro.com\/fr\/wp-json\/wp\/v2\/users\/1"}],"replies":[{"embeddable":true,"href":"https:\/\/expeditionkilimanjaro.com\/fr\/wp-json\/wp\/v2\/comments?post=62"}],"version-history":[{"count":4,"href":"https:\/\/expeditionkilimanjaro.com\/fr\/wp-json\/wp\/v2\/pages\/62\/revisions"}],"predecessor-version":[{"id":66,"href":"https:\/\/expeditionkilimanjaro.com\/fr\/wp-json\/wp\/v2\/pages\/62\/revisions\/66"}],"wp:attachment":[{"href":"https:\/\/expeditionkilimanjaro.com\/fr\/wp-json\/wp\/v2\/media?parent=62"}],"curies":[{"name":"wp","href":"https:\/\/api.w.org\/{rel}","templated":true}]}}