{"id":84,"date":"2023-03-10T10:42:43","date_gmt":"2023-03-10T10:42:43","guid":{"rendered":"https:\/\/expeditionkilimanjaro.com\/fr\/?page_id=84"},"modified":"2023-03-10T10:49:25","modified_gmt":"2023-03-10T10:49:25","slug":"prix-dates","status":"publish","type":"page","link":"https:\/\/expeditionkilimanjaro.com\/fr\/prix-dates\/","title":{"rendered":"Date, prix et autres co\u00fbts"},"content":{"rendered":"<h2>Choisissez votre propre date pour votre Exp\u00e9dition Kilimanjaro<\/h2>\n<p><img loading=\"lazy\" decoding=\"async\" class=\"alignright \" src=\"https:\/\/static.thenounproject.com\/png\/3621554-200.png\" width=\"151\" height=\"151\" \/>Si vous voyagez seul ou avec votre propre groupe, vous pouvez choisir votre propre date pour l&#8217;Exp\u00e9dition Kilimanjaro de 11 jours.<\/p>\n<p>Vous pouvez \u00e9galement choisir de rejoindre un groupe d&#8217;exp\u00e9dition au cours d&#8217;un mois donn\u00e9. Vous serez alors dans un groupe avec d&#8217;autres N\u00e9erlandais (ou \u00e0 certaines dates avec des voyageurs internationaux). <span style=\"color : #ff0000 ;\"><strong><a style=\"color : #ff0000 ;\" href=\"https:\/\/www.expeditionkilimanjaro.com\/#agenda\">Voir l&#8217;agenda en premi\u00e8re page.<\/a><\/strong><\/span><\/p>\n<hr \/>\n<h2>Quel est le meilleur moment pour escalader le Kilimandjaro?<\/h2>\n<ul>\n<li><strong>De janvier \u00e0 mars<\/strong>, le temps est agr\u00e9able, plus chaud, avec des pluies occasionnelles. Les prix des billets d&#8217;avion sont bon march\u00e9.<\/li>\n<li><strong>Avril &#8211; d\u00e9but mai<\/strong> est la saison des pluies, aucune exp\u00e9dition n&#8217;est possible \u00e0 ce moment-l\u00e0.<\/li>\n<li><strong>Juin &#8211; ao\u00fbt<\/strong> tout est vert, mais c&#8217;est la saison froide et il y a beaucoup moins de monde.<\/li>\n<li><strong>Septembre &#8211; d\u00e9but novembre<\/strong> offre le meilleur temps, c&#8217;est aussi la saison la plus fr\u00e9quent\u00e9e sur la montagne.<\/li>\n<li><strong>D\u00e9cembre<\/strong> il fait sec mais plus chaud, possibilit\u00e9 de neige pendant l&#8217;ascension du sommet.<\/li>\n<\/ul>\n<hr \/>\n<h1><strong>Prix de l&#8217;exp\u00e9dition au Kilimandjaro<\/strong><\/h1>\n<p><em>L&#8217;Exp\u00e9dition Kilimanjaro<\/em> de Ramon Stoppelenburg est une aventure de 11 jours en Tanzanie. Elle comprend <strong>7 jours<\/strong> sur la montagne (6 nuits) et <strong>4 nuits<\/strong> dans un h\u00f4tel *** confortable \u00e0 Arusha (deux jours avant et deux jours apr\u00e8s l&#8217;ascension).<\/p>\n<p>Un groupe d&#8217;exp\u00e9dition se compose d&#8217;un maximum de 12 personnes et est dirig\u00e9 par des guides anglophones qualifi\u00e9s ayant des ann\u00e9es d&#8217;exp\u00e9rience en montagne.<\/p>\n<h2 class=\"has-text-align-center has-text-color\" style=\"color : #ff0000 ;\"><b>Le prix de l&#8217;exp\u00e9dition au Kilimandjaro<\/p>\n<p>est de 1999 USD par personne<\/b><\/h2>\n<p><b>Ce prix comprend:<\/b><\/p>\n<ul>\n<li>La <strong>TVA<\/strong> tanzanienne de 18% introduite \u00e0 partir du 1er juillet 2016<\/li>\n<li><strong>Transferts<\/strong> vers\/depuis l&#8217;a\u00e9roport international du Kilimandjaro ou vers\/depuis l&#8217;arr\u00eat de la navette \u00e0 Arusha depuis Dar Es Salaam ou Nairobi<\/li>\n<li><strong>Quatre nuits<\/strong> dans un h\u00f4tel de charme avec petit-d\u00e9jeuner (2 nuits avant et 2 nuits apr\u00e8s l&#8217;ascension en chambre simple, double ou triple) dans la ville d&#8217;Arusha<\/li>\n<li><strong>Transferts<\/strong> vers\/depuis l&#8217;entr\u00e9e du parc national du Kilimandjaro<\/li>\n<li><strong>\u00c9quipe de montagne compl\u00e8te<\/strong> (guide, cuisinier, assistants, porteurs)<\/li>\n<li><strong>Trois repas par jour<\/strong> pendant l&#8217;ascension<\/li>\n<li><strong>Eau<\/strong> (en bouteille le premier jour de l&#8217;exp\u00e9dition, bouillie et filtr\u00e9e sur la montagne)<\/li>\n<li><strong>Frais de camping<\/strong> pour la route Machame<\/li>\n<li><strong>Permis<\/strong> pour visiter le parc national du Kilimandjaro<\/li>\n<li><strong>Flying Doctors Rescue (M\u00e9decins volants)<\/strong> suppl\u00e9ment d&#8217;assurance<\/li>\n<li>Toutes les <strong>taxes gouvernementales<\/strong><\/li>\n<\/ul>\n<p><b>Le prix ne comprend pas :<\/b><\/p>\n<ul>\n<li>Les <strong>vols de retour<\/strong> vers la Tanzanie<\/li>\n<li><strong>Les vols int\u00e9rieurs<\/strong> ou les transferts (par exemple de Dar es Salaam, etc.) <\/li>\n<li>Voyages internationaux <strong>visas<\/strong><\/li>\n<li>Vaccinations obligatoires<\/strong> et leurs co\u00fbts<\/li>\n<li>Assurance voyage personnelle<\/strong> (avec couverture pour les sports de montagne)<\/li>\n<li>Alcool, boissons, <strong>d\u00e9penses personnelles<\/strong> \u00e0 Arusha.<\/li>\n<li>Sacs de couchage et b\u00e2tons de trekking (ils peuvent \u00eatre lou\u00e9s \u00e0 l&#8217;h\u00f4tel pour quelques dollars par jour)<\/li>\n<li><strong>Linge<\/strong> (disponible \u00e0 l&#8217;h\u00f4tel)<\/li>\n<li><strong>Pourboires<\/strong> pour l&#8217;\u00e9quipe de montagne (max 13% du prix de l&#8217;exp\u00e9dition)<\/li>\n<li><strong>D\u00e9jeuner et d\u00eener<\/strong> \u00e0 Arusha.<\/li>\n<\/ul>\n<hr \/>\n<h2><a name=\"reservation\"><\/a><strong>Vous souhaitez r\u00e9server une Exp\u00e9dition Kilimanjaro?<\/strong><\/h2>\n<p>Veuillez utiliser <strong>le formulaire de r\u00e9servation<\/strong> pour r\u00e9server votre exp\u00e9dition. Cela me permet de v\u00e9rifier s&#8217;il y a de la disponibilit\u00e9 dans l&#8217;h\u00f4tel \u00e0 la date d&#8217;arriv\u00e9e souhait\u00e9e et si une ascension est possible.<\/p>\n<blockquote><p>Veuillez \u00e9galement consulter mes <a href=\"https:\/\/www.expeditionkilimanjaro.com\/add-a-safari\">options vari\u00e9es pour un Safari<\/a> apr\u00e8s votre exp\u00e9dition au Kilimandjaro. <strong>Quand vous y serez de toute fa\u00e7on&#8230;.<\/strong><\/p><\/blockquote>\n<p>Si une exp\u00e9dition au Kilimandjaro peut avoir lieu \u00e0 la date souhait\u00e9e, v\u00e9rifiez soigneusement si votre vol peut \u00e9galement \u00eatre r\u00e9serv\u00e9 \u00e0 cette date. Il faut tenir compte d&#8217;une dur\u00e9e de 11 jours (arriv\u00e9e le jour 1, d\u00e9part le jour 11).<\/p>\n<p>Donc :<\/p>\n<ul>\n<li>v\u00e9rifier si <a href=\"https:\/\/www.expeditionkilimanjaro.com\/fr\/voler\">un vol est disponible<\/a> \u00e0 la date d&#8217;arriv\u00e9e souhait\u00e9e<\/li>\n<li><a href=\"https:\/\/www.expeditionkilimanjaro.com\/fr\/reservation\"><b><span style=\"color:red;\">remplir ce formulaire de r\u00e9servation<\/span><\/b><\/a> ici (par participant)<\/li>\n<li>Vous recevrez une confirmation de r\u00e9servation par e-mail<\/li>\n<li>Apr\u00e8s r\u00e9ception du paiement, vous recevrez les bons dans votre bo\u00eete aux lettres<\/li>\n<\/ul>\n<p><strong>Apr\u00e8s avoir rempli et envoy\u00e9 le formulaire de r\u00e9servation, tu recevras une confirmation de r\u00e9servation dans les 48 heures (les jours ouvrables).<\/strong> La confirmation de r\u00e9servation est \u00e9galement la facture. Cela signifie que ton h\u00e9bergement \u00e0 l&#8217;h\u00f4tel et la mont\u00e9e sont officiellement r\u00e9serv\u00e9s. Cela te permet \u00e9galement de r\u00e9server et de d\u00e9terminer ton (tes) vol(s) imm\u00e9diatement.<\/p>\n<p>Une exp\u00e9dition sur le Kilimandjaro n&#8217;est pas enti\u00e8rement r\u00e9serv\u00e9e tant que le paiement int\u00e9gral n&#8217;a pas \u00e9t\u00e9 effectu\u00e9. Apr\u00e8s le paiement, tu recevras les bons pour l&#8217;h\u00f4tel et l&#8217;ascension dans ta bo\u00eete aux lettres.<\/p>\n<hr \/>\n<h2><a name=\"pourboires\"><\/a>Les pourboires<\/h2>\n<p>En Tanzanie, il est d&#8217;usage que chaque participant contribue \u00e0 donner un pourboire \u00e0 l&#8217;\u00e9quipe de montagne. Les guides, les assistants, les cuisiniers et les porteurs sont des travailleurs loyaux et un pourboire sert de reconnaissance pour leur travail acharn\u00e9.<\/p>\n<p>Les pourboires sont collect\u00e9s \u00e0 la fin de l&#8217;Exp\u00e9dition Kilimanjaro et remis au chef des guides lors de la c\u00e9r\u00e9monie de cl\u00f4ture. Il faut compter un minimum de 10 % et un maximum de 13 % du prix de l&#8217;exp\u00e9dition.<\/p>\n<hr \/>\n<h2><a name=\"insurance\"><\/a>Souscrire \u00e0 une assurance voyage compl\u00e8te<\/h2>\n<p>Tu dois t&#8217;assurer que tu disposes d&#8217;une assurance voyage et m\u00e9dicale ad\u00e9quate pour couvrir toutes tes activit\u00e9s, y compris l&#8217;ascension du Kilimandjaro et une \u00e9ventuelle assistance d&#8217;urgence et un rapatriement dans ton pays d&#8217;origine.<\/p>\n<p>Tu peux calculer une prime, obtenir un devis ou acheter une police d&#8217;assurance d\u00e9cente sur internet.<\/p>\n<hr \/>\n<h2><a name=\"visa\"><\/a>Conditions d&#8217;obtention du visa<\/h2>\n<p><img loading=\"lazy\" decoding=\"async\" class=\"aligncenter size-full wp-image-3556\" src=\"https:\/\/www.expeditiekilimanjaro.nl\/wp-content\/uploads\/2023\/02\/entry-and-visa-requirements-tanzania.png\" alt=\"\" width=\"437\" height=\"287\" \/><\/p>\n<p>Attention, si vous vous rendez en Tanzanie, vous devez \u00eatre en possession d&#8217;un passeport valide et d&#8217;un <strong>visa pour ce pays<\/strong>.<\/p>\n<p>Un <strong>visa \u00e0 l&#8217;arriv\u00e9e<\/strong> peut \u00eatre obtenu \u00e0 l&#8217;a\u00e9roport international de Dar es Salaam ou du Kilimandjaro, ainsi qu&#8217;\u00e0 la fronti\u00e8re entre la Tanzanie et le Kenya. Il co\u00fbte 50 dollars am\u00e9ricains (payables en esp\u00e8ces). <strong>(Note : les d\u00e9tenteurs de passeports am\u00e9ricains paient 100 dollars ici)<\/strong>.<\/p>\n<p>Vous pouvez \u00e9galement <strong><a href=\"https:\/\/eservices.immigration.go.tz\/visa\/\" target=\"_blank\" rel=\"noreferrer noopener\">demander un visa \u00e9lectronique en ligne<\/a><\/strong> ou prendre des dispositions \u00e0 l&#8217;avance aupr\u00e8s d&#8217;un consulat ou d&#8217;une ambassade de Tanzanie dans votre pays.<\/p>\n<p>Une fois que tu as demand\u00e9 ton visa, tu peux voyager dans le pays pendant 90 jours. Le visa prend effet d\u00e8s l&#8217;entr\u00e9e dans le pays.<\/p>\n","protected":false},"excerpt":{"rendered":"<p>Choisissez votre propre date pour votre Exp\u00e9dition Kilimanjaro Si vous voyagez seul ou avec votre propre groupe, vous pouvez choisir votre propre date pour l&#8217;Exp\u00e9dition Kilimanjaro de 11 jours. Vous pouvez \u00e9galement&#8230;<\/p>\n","protected":false},"author":1,"featured_media":0,"parent":0,"menu_order":0,"comment_status":"closed","ping_status":"closed","template":"","meta":{"footnotes":""},"class_list":["post-84","page","type-page","status-publish","hentry"],"yoast_head":"<!-- This site is optimized with the Yoast SEO plugin v27.5 - https:\/\/yoast.com\/product\/yoast-seo-wordpress\/ -->\n<title>Date, prix et autres co\u00fbts | Exp\u00e9dition Kilimandjaro - l&#039;aventure de votre vie<\/title>\n<meta name=\"robots\" content=\"index, follow, max-snippet:-1, max-image-preview:large, max-video-preview:-1\" \/>\n<link rel=\"canonical\" href=\"https:\/\/expeditionkilimanjaro.com\/fr\/prix-dates\/\" \/>\n<meta property=\"og:locale\" content=\"en_GB\" \/>\n<meta property=\"og:type\" content=\"article\" \/>\n<meta property=\"og:title\" content=\"Date, prix et autres co\u00fbts | Exp\u00e9dition Kilimandjaro - l&#039;aventure de votre vie\" \/>\n<meta property=\"og:description\" content=\"Choisissez votre propre date pour votre Exp\u00e9dition Kilimanjaro Si vous voyagez seul ou avec votre propre groupe, vous pouvez choisir votre propre date pour l&#8217;Exp\u00e9dition Kilimanjaro de 11 jours. Vous pouvez \u00e9galement...\" \/>\n<meta property=\"og:url\" content=\"https:\/\/expeditionkilimanjaro.com\/fr\/prix-dates\/\" \/>\n<meta property=\"og:site_name\" content=\"Exp\u00e9dition Kilimandjaro - l&#039;aventure de votre vie\" \/>\n<meta property=\"article:publisher\" content=\"https:\/\/www.facebook.com\/ExpeditionKilimanjaro\" \/>\n<meta property=\"article:modified_time\" content=\"2023-03-10T10:49:25+00:00\" \/>\n<meta property=\"og:image\" content=\"https:\/\/static.thenounproject.com\/png\/3621554-200.png\" \/>\n<meta name=\"twitter:card\" content=\"summary_large_image\" \/>\n<meta name=\"twitter:label1\" content=\"Estimated reading time\" \/>\n\t<meta name=\"twitter:data1\" content=\"5 minutes\" \/>\n<script type=\"application\/ld+json\" class=\"yoast-schema-graph\">{\"@context\":\"https:\\\/\\\/schema.org\",\"@graph\":[{\"@type\":\"WebPage\",\"@id\":\"https:\\\/\\\/expeditionkilimanjaro.com\\\/fr\\\/prix-dates\\\/\",\"url\":\"https:\\\/\\\/expeditionkilimanjaro.com\\\/fr\\\/prix-dates\\\/\",\"name\":\"Date, prix et autres co\u00fbts | Exp\u00e9dition Kilimandjaro - l&#039;aventure de votre vie\",\"isPartOf\":{\"@id\":\"https:\\\/\\\/expeditionkilimanjaro.com\\\/fr\\\/#website\"},\"primaryImageOfPage\":{\"@id\":\"https:\\\/\\\/expeditionkilimanjaro.com\\\/fr\\\/prix-dates\\\/#primaryimage\"},\"image\":{\"@id\":\"https:\\\/\\\/expeditionkilimanjaro.com\\\/fr\\\/prix-dates\\\/#primaryimage\"},\"thumbnailUrl\":\"https:\\\/\\\/static.thenounproject.com\\\/png\\\/3621554-200.png\",\"datePublished\":\"2023-03-10T10:42:43+00:00\",\"dateModified\":\"2023-03-10T10:49:25+00:00\",\"breadcrumb\":{\"@id\":\"https:\\\/\\\/expeditionkilimanjaro.com\\\/fr\\\/prix-dates\\\/#breadcrumb\"},\"inLanguage\":\"en-GB\",\"potentialAction\":[{\"@type\":\"ReadAction\",\"target\":[\"https:\\\/\\\/expeditionkilimanjaro.com\\\/fr\\\/prix-dates\\\/\"]}]},{\"@type\":\"ImageObject\",\"inLanguage\":\"en-GB\",\"@id\":\"https:\\\/\\\/expeditionkilimanjaro.com\\\/fr\\\/prix-dates\\\/#primaryimage\",\"url\":\"https:\\\/\\\/static.thenounproject.com\\\/png\\\/3621554-200.png\",\"contentUrl\":\"https:\\\/\\\/static.thenounproject.com\\\/png\\\/3621554-200.png\"},{\"@type\":\"BreadcrumbList\",\"@id\":\"https:\\\/\\\/expeditionkilimanjaro.com\\\/fr\\\/prix-dates\\\/#breadcrumb\",\"itemListElement\":[{\"@type\":\"ListItem\",\"position\":1,\"name\":\"Home\",\"item\":\"https:\\\/\\\/expeditionkilimanjaro.com\\\/fr\\\/\"},{\"@type\":\"ListItem\",\"position\":2,\"name\":\"Date, prix et autres co\u00fbts\"}]},{\"@type\":\"WebSite\",\"@id\":\"https:\\\/\\\/expeditionkilimanjaro.com\\\/fr\\\/#website\",\"url\":\"https:\\\/\\\/expeditionkilimanjaro.com\\\/fr\\\/\",\"name\":\"Exp\u00e9dition Kilimandjaro\",\"description\":\"Trek de 11 jours pour 1999 $ - Ramon Stoppelenburg organise l&#039;aventure d&#039;une vie !\",\"publisher\":{\"@id\":\"https:\\\/\\\/expeditionkilimanjaro.com\\\/fr\\\/#organization\"},\"alternateName\":\"L'aventure de Votre Vie!\",\"potentialAction\":[{\"@type\":\"SearchAction\",\"target\":{\"@type\":\"EntryPoint\",\"urlTemplate\":\"https:\\\/\\\/expeditionkilimanjaro.com\\\/fr\\\/?s={search_term_string}\"},\"query-input\":{\"@type\":\"PropertyValueSpecification\",\"valueRequired\":true,\"valueName\":\"search_term_string\"}}],\"inLanguage\":\"en-GB\"},{\"@type\":\"Organization\",\"@id\":\"https:\\\/\\\/expeditionkilimanjaro.com\\\/fr\\\/#organization\",\"name\":\"Expedition Kilimanjaro\",\"url\":\"https:\\\/\\\/expeditionkilimanjaro.com\\\/fr\\\/\",\"logo\":{\"@type\":\"ImageObject\",\"inLanguage\":\"en-GB\",\"@id\":\"https:\\\/\\\/expeditionkilimanjaro.com\\\/fr\\\/#\\\/schema\\\/logo\\\/image\\\/\",\"url\":\"https:\\\/\\\/expeditionkilimanjaro.com\\\/fr\\\/wp-content\\\/uploads\\\/2023\\\/02\\\/logo-fr.png\",\"contentUrl\":\"https:\\\/\\\/expeditionkilimanjaro.com\\\/fr\\\/wp-content\\\/uploads\\\/2023\\\/02\\\/logo-fr.png\",\"width\":517,\"height\":185,\"caption\":\"Expedition Kilimanjaro\"},\"image\":{\"@id\":\"https:\\\/\\\/expeditionkilimanjaro.com\\\/fr\\\/#\\\/schema\\\/logo\\\/image\\\/\"},\"sameAs\":[\"https:\\\/\\\/www.facebook.com\\\/ExpeditionKilimanjaro\",\"https:\\\/\\\/www.linkedin.com\\\/company\\\/77093058\\\/\"]}]}<\/script>\n<!-- \/ Yoast SEO plugin. -->","yoast_head_json":{"title":"Date, prix et autres co\u00fbts | Exp\u00e9dition Kilimandjaro - l&#039;aventure de votre vie","robots":{"index":"index","follow":"follow","max-snippet":"max-snippet:-1","max-image-preview":"max-image-preview:large","max-video-preview":"max-video-preview:-1"},"canonical":"https:\/\/expeditionkilimanjaro.com\/fr\/prix-dates\/","og_locale":"en_GB","og_type":"article","og_title":"Date, prix et autres co\u00fbts | Exp\u00e9dition Kilimandjaro - l&#039;aventure de votre vie","og_description":"Choisissez votre propre date pour votre Exp\u00e9dition Kilimanjaro Si vous voyagez seul ou avec votre propre groupe, vous pouvez choisir votre propre date pour l&#8217;Exp\u00e9dition Kilimanjaro de 11 jours. Vous pouvez \u00e9galement...","og_url":"https:\/\/expeditionkilimanjaro.com\/fr\/prix-dates\/","og_site_name":"Exp\u00e9dition Kilimandjaro - l&#039;aventure de votre vie","article_publisher":"https:\/\/www.facebook.com\/ExpeditionKilimanjaro","article_modified_time":"2023-03-10T10:49:25+00:00","og_image":[{"url":"https:\/\/static.thenounproject.com\/png\/3621554-200.png","type":"","width":"","height":""}],"twitter_card":"summary_large_image","twitter_misc":{"Estimated reading time":"5 minutes"},"schema":{"@context":"https:\/\/schema.org","@graph":[{"@type":"WebPage","@id":"https:\/\/expeditionkilimanjaro.com\/fr\/prix-dates\/","url":"https:\/\/expeditionkilimanjaro.com\/fr\/prix-dates\/","name":"Date, prix et autres co\u00fbts | Exp\u00e9dition Kilimandjaro - l&#039;aventure de votre vie","isPartOf":{"@id":"https:\/\/expeditionkilimanjaro.com\/fr\/#website"},"primaryImageOfPage":{"@id":"https:\/\/expeditionkilimanjaro.com\/fr\/prix-dates\/#primaryimage"},"image":{"@id":"https:\/\/expeditionkilimanjaro.com\/fr\/prix-dates\/#primaryimage"},"thumbnailUrl":"https:\/\/static.thenounproject.com\/png\/3621554-200.png","datePublished":"2023-03-10T10:42:43+00:00","dateModified":"2023-03-10T10:49:25+00:00","breadcrumb":{"@id":"https:\/\/expeditionkilimanjaro.com\/fr\/prix-dates\/#breadcrumb"},"inLanguage":"en-GB","potentialAction":[{"@type":"ReadAction","target":["https:\/\/expeditionkilimanjaro.com\/fr\/prix-dates\/"]}]},{"@type":"ImageObject","inLanguage":"en-GB","@id":"https:\/\/expeditionkilimanjaro.com\/fr\/prix-dates\/#primaryimage","url":"https:\/\/static.thenounproject.com\/png\/3621554-200.png","contentUrl":"https:\/\/static.thenounproject.com\/png\/3621554-200.png"},{"@type":"BreadcrumbList","@id":"https:\/\/expeditionkilimanjaro.com\/fr\/prix-dates\/#breadcrumb","itemListElement":[{"@type":"ListItem","position":1,"name":"Home","item":"https:\/\/expeditionkilimanjaro.com\/fr\/"},{"@type":"ListItem","position":2,"name":"Date, prix et autres co\u00fbts"}]},{"@type":"WebSite","@id":"https:\/\/expeditionkilimanjaro.com\/fr\/#website","url":"https:\/\/expeditionkilimanjaro.com\/fr\/","name":"Exp\u00e9dition Kilimandjaro","description":"Trek de 11 jours pour 1999 $ - Ramon Stoppelenburg organise l&#039;aventure d&#039;une vie !","publisher":{"@id":"https:\/\/expeditionkilimanjaro.com\/fr\/#organization"},"alternateName":"L'aventure de Votre Vie!","potentialAction":[{"@type":"SearchAction","target":{"@type":"EntryPoint","urlTemplate":"https:\/\/expeditionkilimanjaro.com\/fr\/?s={search_term_string}"},"query-input":{"@type":"PropertyValueSpecification","valueRequired":true,"valueName":"search_term_string"}}],"inLanguage":"en-GB"},{"@type":"Organization","@id":"https:\/\/expeditionkilimanjaro.com\/fr\/#organization","name":"Expedition Kilimanjaro","url":"https:\/\/expeditionkilimanjaro.com\/fr\/","logo":{"@type":"ImageObject","inLanguage":"en-GB","@id":"https:\/\/expeditionkilimanjaro.com\/fr\/#\/schema\/logo\/image\/","url":"https:\/\/expeditionkilimanjaro.com\/fr\/wp-content\/uploads\/2023\/02\/logo-fr.png","contentUrl":"https:\/\/expeditionkilimanjaro.com\/fr\/wp-content\/uploads\/2023\/02\/logo-fr.png","width":517,"height":185,"caption":"Expedition Kilimanjaro"},"image":{"@id":"https:\/\/expeditionkilimanjaro.com\/fr\/#\/schema\/logo\/image\/"},"sameAs":["https:\/\/www.facebook.com\/ExpeditionKilimanjaro","https:\/\/www.linkedin.com\/company\/77093058\/"]}]}},"_links":{"self":[{"href":"https:\/\/expeditionkilimanjaro.com\/fr\/wp-json\/wp\/v2\/pages\/84","targetHints":{"allow":["GET"]}}],"collection":[{"href":"https:\/\/expeditionkilimanjaro.com\/fr\/wp-json\/wp\/v2\/pages"}],"about":[{"href":"https:\/\/expeditionkilimanjaro.com\/fr\/wp-json\/wp\/v2\/types\/page"}],"author":[{"embeddable":true,"href":"https:\/\/expeditionkilimanjaro.com\/fr\/wp-json\/wp\/v2\/users\/1"}],"replies":[{"embeddable":true,"href":"https:\/\/expeditionkilimanjaro.com\/fr\/wp-json\/wp\/v2\/comments?post=84"}],"version-history":[{"count":6,"href":"https:\/\/expeditionkilimanjaro.com\/fr\/wp-json\/wp\/v2\/pages\/84\/revisions"}],"predecessor-version":[{"id":93,"href":"https:\/\/expeditionkilimanjaro.com\/fr\/wp-json\/wp\/v2\/pages\/84\/revisions\/93"}],"wp:attachment":[{"href":"https:\/\/expeditionkilimanjaro.com\/fr\/wp-json\/wp\/v2\/media?parent=84"}],"curies":[{"name":"wp","href":"https:\/\/api.w.org\/{rel}","templated":true}]}}