{"id":94,"date":"2023-03-10T11:12:31","date_gmt":"2023-03-10T11:12:31","guid":{"rendered":"https:\/\/expeditionkilimanjaro.com\/fr\/?page_id=94"},"modified":"2023-04-02T11:10:11","modified_gmt":"2023-04-02T10:10:11","slug":"apropos","status":"publish","type":"page","link":"https:\/\/expeditionkilimanjaro.com\/fr\/apropos\/","title":{"rendered":"\u00c0 propos d&#8217;Exp\u00e9dition Kilimanjaro"},"content":{"rendered":"<h3>Bienvenue sur le site de <b>Ramon Stoppelenburg&#8217;s Expedition Kilimanjaro<\/b><\/h3>\n<p><center><img loading=\"lazy\" decoding=\"async\" src=\"https:\/\/www.expeditiekilimanjaro.nl\/wp-content\/uploads\/2022\/05\/welcome-img.png\" alt=\"\" width=\"588\" height=\"619\" \/><\/center><\/p>\n<h1>Qui est Ramon Stoppelenburg?<\/h1>\n<p><strong>Ramon: <\/strong>N\u00e9 aux Pays-Bas, j&#8217;ai grandi \u00e0 Jakarta, en Indon\u00e9sie, et je sais depuis que l&#8217;herbe est toujours plus verte ailleurs. Je suis infect\u00e9e par le virus du voyage.<\/p>\n<p>J&#8217;ai parcouru le monde gratuitement en tant qu&#8217;\u00e9tudiante en journalisme gr\u00e2ce \u00e0 mon site web <a href=\"http:\/\/www.letmestayforaday.com\" target=\"_blank\" rel=\"noopener\"><strong>Letmestayforaday.com<\/strong><\/a> et j&#8217;ai \u00e9crit le <a href=\"https:\/\/www.bol.com\/nl\/nl\/c\/r-stoppelenburg\/9011168\/\" target=\"_blank\" rel=\"noopener\"><strong>livre \u00e9ponyme<\/strong><\/a> (en n\u00e9erlandais, d\u00e9sol\u00e9e) \u00e0 ce sujet en 2004. En 2017, ce projet a m\u00eame \u00e9t\u00e9 d\u00e9clar\u00e9 <strong>patrimoine num\u00e9rique de l&#8217;UNESCO<\/strong>.<\/p>\n<p>Je suis ensuite devenu <strong>g\u00e9rant de pub<\/strong> \u00e0 Zwolle, aux Pays-Bas, et <strong>masseur de relaxation<\/strong> professionnel. Parall\u00e8lement, j&#8217;ai pr\u00e9sent\u00e9 l&#8217;\u00e9mission de voyage hebdomadaire <em>Weg met BNN<\/em> sur la radio publique n\u00e9erlandaise NPO <strong>Radio <\/strong>1.<\/p>\n<p>En juin 2008, j&#8217;ai compil\u00e9 le recueil de <strong>histoires litt\u00e9raires<\/strong> <em><a href=\"https:\/\/www.bol.com\/nl\/nl\/p\/fasten-your-seat-belt\/1001004005989228\/\" target=\"_blank\" rel=\"noopener\">Fasten Your Seat Belt!<\/a><\/em>, avec de nouvelles nouvelles histoires sur l&#8217;aviation \u00e9crites par de jeunes \u00e9crivains n\u00e9erlandais.<\/p>\n<p>En tant que <strong>freelancer<\/strong> dans le domaine du marketing et des m\u00e9dias, j&#8217;ai travaill\u00e9 pour l&#8217;ANWB, REIZEN Magazine, Publisher Nijgh &amp; ; Van Ditmar, HCC, Transavia.com, UWV, TNO, DHL, Loyalis, Aids Fund, TNT Express, AGIS Zorgverzekeringen, les Dutch Bloggies, Foreign Media Books et leur marque TradeMark, Publisher Mouria, Max Models, Columbus Magazine, Arnon Grunberg et la Nationale Toneel, entre autres.<\/p>\n<p>De 2011 \u00e0 2022, j&#8217;ai v\u00e9cu dans la capitale cambodgienne <strong>Phnom Penh<\/strong> o\u00f9 j&#8217;ai dirig\u00e9 un trio de salles de cin\u00e9ma d&#8217;art et d&#8217;essai \u00e0 succ\u00e8s. Malheureusement, la pand\u00e9mie et le r\u00e9gime dictatorial actuel ont mis fin \u00e0 cette aventure.<\/p>\n<p>Apr\u00e8s avoir ouvert une <strong>cupcakery <\/strong>\u00e0 Tbilissi, j&#8217;ai ensuite voyag\u00e9 jusqu&#8217;\u00e0 Casablanca pour finalement m&#8217;installer \u00e0 Lisbonne, au Portugal, o\u00f9 je r\u00e9side actuellement.<\/p>\n<h2>Vous l&#8217;aurez compris : je n&#8217;aime pas rester en place.<\/h2>\n<blockquote><p><strong>Mais c&#8217;est en juin 2008 que j&#8217;ai escalad\u00e9 pour la premi\u00e8re fois le Kilimandjaro<\/strong>. J&#8217;ai estim\u00e9 qu&#8217;une telle ascension devrait \u00eatre r\u00e9alisable par n&#8217;importe qui (avec un peu de condition physique). &lt;L&#8217;Exp\u00e9dition Kilimandjaro \u00e9tait n\u00e9e!<\/p><\/blockquote>\n<p><img loading=\"lazy\" decoding=\"async\" class=\"size-full wp-image-140\" src=\"https:\/\/www.expeditionkilimanjaro.com\/wp-content\/uploads\/2023\/02\/ramon-stoppelenburg-on-mount-kilimanjaro.jpg\" alt=\"\" width=\"850\" height=\"377\" \/><\/p>\n<p>Depuis, j&#8217;ai gravi la montagne avec de nombreux groupes, construisant une grande \u00e9quipe de guides, porteurs et chefs professionnels et fiables. Cette \u00e9quipe est toujours pr\u00eate pour une nouvelle exp\u00e9dition sur le Kilimandjaro.<\/p>\n<hr \/>\n<h1><b>L&#8217;Exp\u00e9dition Kilimanjaro est repr\u00e9sent\u00e9e en fran\u00e7ais par Katell Nicoux<\/b><\/h1>\n<p>Issue d&#8217;une famille qui a parcouru la Bretagne, le Qu\u00e9bec et Madagascar, <strong>Katell <\/strong>a h\u00e9rit\u00e9 d\u00e8s son plus jeune \u00e2ge d&#8217;un amour inconditionnel pour les voyages. Elle a ainsi explor\u00e9 diff\u00e9rentes r\u00e9gions de la France et de l&#8217;Europe tout au long de son parcours acad\u00e9mique et professionnel, nourrissant sa curiosit\u00e9 et son envie de d\u00e9couvrir de nouvelles cultures. Finalement, sa passion pour les voyages est devenue une \u00e9vidence et elle a choisi d&#8217;en faire son m\u00e9tier.<\/p>\n<p><img loading=\"lazy\" decoding=\"async\" src=\"https:\/\/expeditionkilimanjaro.com\/fr\/wp-content\/uploads\/2023\/03\/katell_nicoux.jpg\" alt=\"\" width=\"850\" height=\"375\" class=\"alignnone size-full wp-image-97\" \/><\/p>\n<p>En tant qu&#8217;experte trilingue en voyages, elle est capable de partager son savoir-faire en fran\u00e7ais, en anglais et en espagnol, facilitant la communication avec des voyageurs du monde entier. Elle est particuli\u00e8rement passionn\u00e9e par l&#8217;ascension du Kilimandjaro, l&#8217;un des d\u00e9fis les plus embl\u00e9matiques de l&#8217;Afrique. Elle sera ravie de partager son exp\u00e9rience et ses connaissances pour vous aider \u00e0 pr\u00e9parer votre propre ascension, r\u00e9pondant \u00e0 toutes vos questions dans ta propre langue et vous prodiguant des conseils pr\u00e9cieux pour vous permettre de vivre une exp\u00e9rience inoubliable.<\/b><\/p>\n<hr>\n<h3><b>Autres d\u00e9tails<\/b><\/h3>\n<p><img decoding=\"async\" style=\"padding-right: 9px;\" src=\"http:\/\/asiabc.com.hk\/wp-content\/uploads\/cr-ird-incorporation-hkg.png\" width=\"41px\" align=\"left\" \/><strong>Expedition Kilimanjaro<\/strong> est enregistr\u00e9 en tant que nom commercial international officiel sous &#8220;Ramon Stoppelenburg Enterprises Ltd.&#8221; aupr\u00e8s du registre des soci\u00e9t\u00e9s de <b>Hong Kong<\/b> avec le num\u00e9ro d&#8217;enregistrement <code>1523410<\/code>.<\/p>\n<p><img loading=\"lazy\" decoding=\"async\" class=\"alignleft size-full wp-image-3417\" src=\"https:\/\/www.expeditiekilimanjaro.nl\/wp-content\/uploads\/2023\/02\/Rabobank_Logo-1.png\" alt=\"\" width=\"45\" height=\"54\" \/>Num\u00e9ro international de compte bancaire (IBAN) :<br \/>\nNL03 RABO 0361 9046 73<br \/>\nRabobank, Pays-Bas<\/p>\n<h2 style=\"padding-left: 75px;\">Termes et conditions de voyage<\/h2>\n<p style=\"padding-left: 75px;\">L&#8217;<strong>Exp\u00e9dition Kilimanjaro<\/strong> est effectu\u00e9e conform\u00e9ment aux <a href=\"https:\/\/www.expeditionkilimanjaro.com\/fr\/conditionsgenerales\">conditions g\u00e9n\u00e9rales de voyage<\/a> telles qu&#8217;elles figurent sur ce site web.<\/p>\n<p style=\"padding-left: 75px;\">Lisez toujours <a href=\"https:\/\/www.expeditionkilimanjaro.com\/fr\/conditionsgenerales\">les pr\u00e9sentes conditions g\u00e9n\u00e9rales<\/a> avant de r\u00e9server un voyage.<\/p>\n<p>Lisez toujours <a href=\"https:\/\/www.expeditionkilimanjaro.com\/fr\/conditionsgenerales\">les pr\u00e9sentes conditions g\u00e9n\u00e9rales<\/a> avant de r\u00e9server un voyage.<\/p>\n<p><img loading=\"lazy\" decoding=\"async\" class=\"alignnone size-full wp-image-3382\" src=\"https:\/\/www.expeditiekilimanjaro.nl\/wp-content\/uploads\/2023\/02\/hand-drawn-mountain-peak-vector-illustration-african-kilimanjaro-ink-drawing-graphic-style-perfect-travel-sport-92703409.jpg\" alt=\"\" width=\"800\" height=\"533\" \/><\/p>\n","protected":false},"excerpt":{"rendered":"<p>Bienvenue sur le site de Ramon Stoppelenburg&#8217;s Expedition Kilimanjaro Qui est Ramon Stoppelenburg? Ramon: N\u00e9 aux Pays-Bas, j&#8217;ai grandi \u00e0 Jakarta, en Indon\u00e9sie, et je sais depuis que l&#8217;herbe est toujours plus&#8230;<\/p>\n","protected":false},"author":1,"featured_media":0,"parent":0,"menu_order":0,"comment_status":"closed","ping_status":"closed","template":"","meta":{"footnotes":""},"class_list":["post-94","page","type-page","status-publish","hentry"],"yoast_head":"<!-- This site is optimized with the Yoast SEO plugin v27.4 - https:\/\/yoast.com\/product\/yoast-seo-wordpress\/ -->\n<title>\u00c0 propos d&#039;Exp\u00e9dition Kilimanjaro | Exp\u00e9dition Kilimandjaro - l&#039;aventure de votre vie<\/title>\n<meta name=\"robots\" content=\"index, follow, max-snippet:-1, max-image-preview:large, max-video-preview:-1\" \/>\n<link rel=\"canonical\" href=\"https:\/\/expeditionkilimanjaro.com\/fr\/apropos\/\" \/>\n<meta property=\"og:locale\" content=\"en_GB\" \/>\n<meta property=\"og:type\" content=\"article\" \/>\n<meta property=\"og:title\" content=\"\u00c0 propos d&#039;Exp\u00e9dition Kilimanjaro | Exp\u00e9dition Kilimandjaro - l&#039;aventure de votre vie\" \/>\n<meta property=\"og:description\" content=\"Bienvenue sur le site de Ramon Stoppelenburg&#8217;s Expedition Kilimanjaro Qui est Ramon Stoppelenburg? Ramon: N\u00e9 aux Pays-Bas, j&#8217;ai grandi \u00e0 Jakarta, en Indon\u00e9sie, et je sais depuis que l&#8217;herbe est toujours plus...\" \/>\n<meta property=\"og:url\" content=\"https:\/\/expeditionkilimanjaro.com\/fr\/apropos\/\" \/>\n<meta property=\"og:site_name\" content=\"Exp\u00e9dition Kilimandjaro - l&#039;aventure de votre vie\" \/>\n<meta property=\"article:publisher\" content=\"https:\/\/www.facebook.com\/ExpeditionKilimanjaro\" \/>\n<meta property=\"article:modified_time\" content=\"2023-04-02T10:10:11+00:00\" \/>\n<meta property=\"og:image\" content=\"https:\/\/www.expeditiekilimanjaro.nl\/wp-content\/uploads\/2022\/05\/welcome-img.png\" \/>\n<meta name=\"twitter:card\" content=\"summary_large_image\" \/>\n<meta name=\"twitter:label1\" content=\"Estimated reading time\" \/>\n\t<meta name=\"twitter:data1\" content=\"3 minutes\" \/>\n<script type=\"application\/ld+json\" class=\"yoast-schema-graph\">{\"@context\":\"https:\\\/\\\/schema.org\",\"@graph\":[{\"@type\":\"WebPage\",\"@id\":\"https:\\\/\\\/expeditionkilimanjaro.com\\\/fr\\\/apropos\\\/\",\"url\":\"https:\\\/\\\/expeditionkilimanjaro.com\\\/fr\\\/apropos\\\/\",\"name\":\"\u00c0 propos d'Exp\u00e9dition Kilimanjaro | Exp\u00e9dition Kilimandjaro - l&#039;aventure de votre vie\",\"isPartOf\":{\"@id\":\"https:\\\/\\\/expeditionkilimanjaro.com\\\/fr\\\/#website\"},\"primaryImageOfPage\":{\"@id\":\"https:\\\/\\\/expeditionkilimanjaro.com\\\/fr\\\/apropos\\\/#primaryimage\"},\"image\":{\"@id\":\"https:\\\/\\\/expeditionkilimanjaro.com\\\/fr\\\/apropos\\\/#primaryimage\"},\"thumbnailUrl\":\"https:\\\/\\\/www.expeditiekilimanjaro.nl\\\/wp-content\\\/uploads\\\/2022\\\/05\\\/welcome-img.png\",\"datePublished\":\"2023-03-10T11:12:31+00:00\",\"dateModified\":\"2023-04-02T10:10:11+00:00\",\"breadcrumb\":{\"@id\":\"https:\\\/\\\/expeditionkilimanjaro.com\\\/fr\\\/apropos\\\/#breadcrumb\"},\"inLanguage\":\"en-GB\",\"potentialAction\":[{\"@type\":\"ReadAction\",\"target\":[\"https:\\\/\\\/expeditionkilimanjaro.com\\\/fr\\\/apropos\\\/\"]}]},{\"@type\":\"ImageObject\",\"inLanguage\":\"en-GB\",\"@id\":\"https:\\\/\\\/expeditionkilimanjaro.com\\\/fr\\\/apropos\\\/#primaryimage\",\"url\":\"https:\\\/\\\/www.expeditiekilimanjaro.nl\\\/wp-content\\\/uploads\\\/2022\\\/05\\\/welcome-img.png\",\"contentUrl\":\"https:\\\/\\\/www.expeditiekilimanjaro.nl\\\/wp-content\\\/uploads\\\/2022\\\/05\\\/welcome-img.png\"},{\"@type\":\"BreadcrumbList\",\"@id\":\"https:\\\/\\\/expeditionkilimanjaro.com\\\/fr\\\/apropos\\\/#breadcrumb\",\"itemListElement\":[{\"@type\":\"ListItem\",\"position\":1,\"name\":\"Home\",\"item\":\"https:\\\/\\\/expeditionkilimanjaro.com\\\/fr\\\/\"},{\"@type\":\"ListItem\",\"position\":2,\"name\":\"\u00c0 propos d&#8217;Exp\u00e9dition Kilimanjaro\"}]},{\"@type\":\"WebSite\",\"@id\":\"https:\\\/\\\/expeditionkilimanjaro.com\\\/fr\\\/#website\",\"url\":\"https:\\\/\\\/expeditionkilimanjaro.com\\\/fr\\\/\",\"name\":\"Exp\u00e9dition Kilimandjaro\",\"description\":\"Trek de 11 jours pour 1999 $ - Ramon Stoppelenburg organise l&#039;aventure d&#039;une vie !\",\"publisher\":{\"@id\":\"https:\\\/\\\/expeditionkilimanjaro.com\\\/fr\\\/#organization\"},\"alternateName\":\"L'aventure de Votre Vie!\",\"potentialAction\":[{\"@type\":\"SearchAction\",\"target\":{\"@type\":\"EntryPoint\",\"urlTemplate\":\"https:\\\/\\\/expeditionkilimanjaro.com\\\/fr\\\/?s={search_term_string}\"},\"query-input\":{\"@type\":\"PropertyValueSpecification\",\"valueRequired\":true,\"valueName\":\"search_term_string\"}}],\"inLanguage\":\"en-GB\"},{\"@type\":\"Organization\",\"@id\":\"https:\\\/\\\/expeditionkilimanjaro.com\\\/fr\\\/#organization\",\"name\":\"Expedition Kilimanjaro\",\"url\":\"https:\\\/\\\/expeditionkilimanjaro.com\\\/fr\\\/\",\"logo\":{\"@type\":\"ImageObject\",\"inLanguage\":\"en-GB\",\"@id\":\"https:\\\/\\\/expeditionkilimanjaro.com\\\/fr\\\/#\\\/schema\\\/logo\\\/image\\\/\",\"url\":\"https:\\\/\\\/expeditionkilimanjaro.com\\\/fr\\\/wp-content\\\/uploads\\\/2023\\\/02\\\/logo-fr.png\",\"contentUrl\":\"https:\\\/\\\/expeditionkilimanjaro.com\\\/fr\\\/wp-content\\\/uploads\\\/2023\\\/02\\\/logo-fr.png\",\"width\":517,\"height\":185,\"caption\":\"Expedition Kilimanjaro\"},\"image\":{\"@id\":\"https:\\\/\\\/expeditionkilimanjaro.com\\\/fr\\\/#\\\/schema\\\/logo\\\/image\\\/\"},\"sameAs\":[\"https:\\\/\\\/www.facebook.com\\\/ExpeditionKilimanjaro\",\"https:\\\/\\\/www.linkedin.com\\\/company\\\/77093058\\\/\"]}]}<\/script>\n<!-- \/ Yoast SEO plugin. -->","yoast_head_json":{"title":"\u00c0 propos d'Exp\u00e9dition Kilimanjaro | Exp\u00e9dition Kilimandjaro - l&#039;aventure de votre vie","robots":{"index":"index","follow":"follow","max-snippet":"max-snippet:-1","max-image-preview":"max-image-preview:large","max-video-preview":"max-video-preview:-1"},"canonical":"https:\/\/expeditionkilimanjaro.com\/fr\/apropos\/","og_locale":"en_GB","og_type":"article","og_title":"\u00c0 propos d'Exp\u00e9dition Kilimanjaro | Exp\u00e9dition Kilimandjaro - l&#039;aventure de votre vie","og_description":"Bienvenue sur le site de Ramon Stoppelenburg&#8217;s Expedition Kilimanjaro Qui est Ramon Stoppelenburg? Ramon: N\u00e9 aux Pays-Bas, j&#8217;ai grandi \u00e0 Jakarta, en Indon\u00e9sie, et je sais depuis que l&#8217;herbe est toujours plus...","og_url":"https:\/\/expeditionkilimanjaro.com\/fr\/apropos\/","og_site_name":"Exp\u00e9dition Kilimandjaro - l&#039;aventure de votre vie","article_publisher":"https:\/\/www.facebook.com\/ExpeditionKilimanjaro","article_modified_time":"2023-04-02T10:10:11+00:00","og_image":[{"url":"https:\/\/www.expeditiekilimanjaro.nl\/wp-content\/uploads\/2022\/05\/welcome-img.png","type":"","width":"","height":""}],"twitter_card":"summary_large_image","twitter_misc":{"Estimated reading time":"3 minutes"},"schema":{"@context":"https:\/\/schema.org","@graph":[{"@type":"WebPage","@id":"https:\/\/expeditionkilimanjaro.com\/fr\/apropos\/","url":"https:\/\/expeditionkilimanjaro.com\/fr\/apropos\/","name":"\u00c0 propos d'Exp\u00e9dition Kilimanjaro | Exp\u00e9dition Kilimandjaro - l&#039;aventure de votre vie","isPartOf":{"@id":"https:\/\/expeditionkilimanjaro.com\/fr\/#website"},"primaryImageOfPage":{"@id":"https:\/\/expeditionkilimanjaro.com\/fr\/apropos\/#primaryimage"},"image":{"@id":"https:\/\/expeditionkilimanjaro.com\/fr\/apropos\/#primaryimage"},"thumbnailUrl":"https:\/\/www.expeditiekilimanjaro.nl\/wp-content\/uploads\/2022\/05\/welcome-img.png","datePublished":"2023-03-10T11:12:31+00:00","dateModified":"2023-04-02T10:10:11+00:00","breadcrumb":{"@id":"https:\/\/expeditionkilimanjaro.com\/fr\/apropos\/#breadcrumb"},"inLanguage":"en-GB","potentialAction":[{"@type":"ReadAction","target":["https:\/\/expeditionkilimanjaro.com\/fr\/apropos\/"]}]},{"@type":"ImageObject","inLanguage":"en-GB","@id":"https:\/\/expeditionkilimanjaro.com\/fr\/apropos\/#primaryimage","url":"https:\/\/www.expeditiekilimanjaro.nl\/wp-content\/uploads\/2022\/05\/welcome-img.png","contentUrl":"https:\/\/www.expeditiekilimanjaro.nl\/wp-content\/uploads\/2022\/05\/welcome-img.png"},{"@type":"BreadcrumbList","@id":"https:\/\/expeditionkilimanjaro.com\/fr\/apropos\/#breadcrumb","itemListElement":[{"@type":"ListItem","position":1,"name":"Home","item":"https:\/\/expeditionkilimanjaro.com\/fr\/"},{"@type":"ListItem","position":2,"name":"\u00c0 propos d&#8217;Exp\u00e9dition Kilimanjaro"}]},{"@type":"WebSite","@id":"https:\/\/expeditionkilimanjaro.com\/fr\/#website","url":"https:\/\/expeditionkilimanjaro.com\/fr\/","name":"Exp\u00e9dition Kilimandjaro","description":"Trek de 11 jours pour 1999 $ - Ramon Stoppelenburg organise l&#039;aventure d&#039;une vie !","publisher":{"@id":"https:\/\/expeditionkilimanjaro.com\/fr\/#organization"},"alternateName":"L'aventure de Votre Vie!","potentialAction":[{"@type":"SearchAction","target":{"@type":"EntryPoint","urlTemplate":"https:\/\/expeditionkilimanjaro.com\/fr\/?s={search_term_string}"},"query-input":{"@type":"PropertyValueSpecification","valueRequired":true,"valueName":"search_term_string"}}],"inLanguage":"en-GB"},{"@type":"Organization","@id":"https:\/\/expeditionkilimanjaro.com\/fr\/#organization","name":"Expedition Kilimanjaro","url":"https:\/\/expeditionkilimanjaro.com\/fr\/","logo":{"@type":"ImageObject","inLanguage":"en-GB","@id":"https:\/\/expeditionkilimanjaro.com\/fr\/#\/schema\/logo\/image\/","url":"https:\/\/expeditionkilimanjaro.com\/fr\/wp-content\/uploads\/2023\/02\/logo-fr.png","contentUrl":"https:\/\/expeditionkilimanjaro.com\/fr\/wp-content\/uploads\/2023\/02\/logo-fr.png","width":517,"height":185,"caption":"Expedition Kilimanjaro"},"image":{"@id":"https:\/\/expeditionkilimanjaro.com\/fr\/#\/schema\/logo\/image\/"},"sameAs":["https:\/\/www.facebook.com\/ExpeditionKilimanjaro","https:\/\/www.linkedin.com\/company\/77093058\/"]}]}},"_links":{"self":[{"href":"https:\/\/expeditionkilimanjaro.com\/fr\/wp-json\/wp\/v2\/pages\/94","targetHints":{"allow":["GET"]}}],"collection":[{"href":"https:\/\/expeditionkilimanjaro.com\/fr\/wp-json\/wp\/v2\/pages"}],"about":[{"href":"https:\/\/expeditionkilimanjaro.com\/fr\/wp-json\/wp\/v2\/types\/page"}],"author":[{"embeddable":true,"href":"https:\/\/expeditionkilimanjaro.com\/fr\/wp-json\/wp\/v2\/users\/1"}],"replies":[{"embeddable":true,"href":"https:\/\/expeditionkilimanjaro.com\/fr\/wp-json\/wp\/v2\/comments?post=94"}],"version-history":[{"count":8,"href":"https:\/\/expeditionkilimanjaro.com\/fr\/wp-json\/wp\/v2\/pages\/94\/revisions"}],"predecessor-version":[{"id":159,"href":"https:\/\/expeditionkilimanjaro.com\/fr\/wp-json\/wp\/v2\/pages\/94\/revisions\/159"}],"wp:attachment":[{"href":"https:\/\/expeditionkilimanjaro.com\/fr\/wp-json\/wp\/v2\/media?parent=94"}],"curies":[{"name":"wp","href":"https:\/\/api.w.org\/{rel}","templated":true}]}}